{"id":10001,"date":"2025-05-03T17:53:54","date_gmt":"2025-05-03T17:53:54","guid":{"rendered":"https:\/\/lornaearth.com\/?post_type=product&#038;p=10001"},"modified":"2025-10-22T10:50:42","modified_gmt":"2025-10-22T10:50:42","slug":"panuelo-de-cupro-hunger-2","status":"publish","type":"product","link":"http:\/\/lornaearth.com\/en\/product\/panuelo-de-cupro-hunger-2\/","title":{"rendered":"HUNGER SCARF"},"content":{"rendered":"<p>Wear art and elegance with our Cupro HUNGER scarf, a timeless gem crafted with love and dedication. It is a part of the Life in Art collection, a unique fusion of art, music, and fashion, created by Carmen, the artist and designer behind LORNA EARTH.<\/p>\n<p>This scarf is more than just an accessory; it is a work of art that encapsulates the essence of the song \u201cHunger\" (Florence + The Machine). Every detail is printed with unmatched delicacy on 100% Cupro, a sustainable fabric with a soft and silky texture, surpassing even silk in properties. Additionally, it comes exquisitely accompanied by a dust bag for storage.<span class=\"Apple-converted-space\">\u00a0<\/span><\/p>\n<p>With the Cupro HUNGER scarf, carry with you the harmony of music and the beauty of art, creating a lasting connection between fashion and artistic expression.<span class=\"Apple-converted-space\">\u00a0<\/span><\/p>\n<p>{{detalles}}<\/p>\n<p><span class=\"fontstyle0\">\u00b7 Material: 100% Cupro \u2013 Cupro is a organic recycled cotton fabric with a silk-like feel<br \/>\n\u00b7 Colour: yellow, green<br \/>\n\u00b7 Dimensiones: 60x60cm \/ 120&#215;120 cm<br \/>\n\u00b7 Made in Spain<\/span><\/p>\n<p>{{\/detalles}}<\/p>\n<p>{{mima_tu_prenda}}<\/p>\n<p><span class=\"fontstyle0\">Hand wash cold, do not bleach, low iron, do not dry clean. <\/span><\/p>\n<p><span class=\"fontstyle0\">Do not use fabric softener or tumble dry. <\/span><\/p>\n<p><span class=\"fontstyle0\">Learn an environmentally friendly way to\ntake care of your clothes <a href=\"https:\/\/lornaearth.com\/en\/lorna-laundry-guide\/\">here.<\/a><\/span><\/p>\n<p>{{\/mima_tu_prenda}}<\/p>","protected":false},"excerpt":{"rendered":"<p>Viste arte y elegancia con nuestro pa\u00f1uelo HUNGER de cupro, una joya atemporal forjada con amor y dedicaci\u00f3n. Forma parte de la colecci\u00f3n Life in Art, una fusi\u00f3n \u00fanica entre arte, m\u00fasica y moda, creada por Carmen, la artista y dise\u00f1adora detr\u00e1s de LORNA EARTH. Este pa\u00f1uelo es mucho m\u00e1s que una prenda; es una<a class=\"more-link\" href=\"http:\/\/lornaearth.com\/en\/product\/panuelo-de-cupro-hunger-2\/\">Read more  &#10230;<\/a><\/p>","protected":false},"featured_media":10053,"template":"","meta":{"om_disable_all_campaigns":false,"_monsterinsights_skip_tracking":false,"_monsterinsights_sitenote_active":false,"_monsterinsights_sitenote_note":"","_monsterinsights_sitenote_category":0,"_uf_show_specific_survey":0,"_uf_disable_surveys":false},"product_brand":[],"product_cat":[69,85],"product_tag":[],"class_list":{"0":"post-10001","1":"product","2":"type-product","3":"status-publish","4":"has-post-thumbnail","6":"product_cat-accesorios","7":"product_cat-panuelos","9":"first","10":"instock","11":"taxable","12":"shipping-taxable","13":"purchasable","14":"product-type-variable"},"_links":{"self":[{"href":"http:\/\/lornaearth.com\/en\/wp-json\/wp\/v2\/product\/10001","targetHints":{"allow":["GET"]}}],"collection":[{"href":"http:\/\/lornaearth.com\/en\/wp-json\/wp\/v2\/product"}],"about":[{"href":"http:\/\/lornaearth.com\/en\/wp-json\/wp\/v2\/types\/product"}],"wp:featuredmedia":[{"embeddable":true,"href":"http:\/\/lornaearth.com\/en\/wp-json\/wp\/v2\/media\/10053"}],"wp:attachment":[{"href":"http:\/\/lornaearth.com\/en\/wp-json\/wp\/v2\/media?parent=10001"}],"wp:term":[{"taxonomy":"product_brand","embeddable":true,"href":"http:\/\/lornaearth.com\/en\/wp-json\/wp\/v2\/product_brand?post=10001"},{"taxonomy":"product_cat","embeddable":true,"href":"http:\/\/lornaearth.com\/en\/wp-json\/wp\/v2\/product_cat?post=10001"},{"taxonomy":"product_tag","embeddable":true,"href":"http:\/\/lornaearth.com\/en\/wp-json\/wp\/v2\/product_tag?post=10001"}],"curies":[{"name":"wp","href":"https:\/\/api.w.org\/{rel}","templated":true}]}}