{"id":9532,"date":"2023-11-30T09:41:08","date_gmt":"2023-11-30T09:41:08","guid":{"rendered":"https:\/\/lornaearth.com\/?page_id=9532"},"modified":"2025-12-13T11:24:48","modified_gmt":"2025-12-13T11:24:48","slug":"bolsos","status":"publish","type":"page","link":"http:\/\/lornaearth.com\/en\/bolsos\/","title":{"rendered":"Handbags"},"content":{"rendered":"<div data-elementor-type=\"wp-page\" data-elementor-id=\"9532\" class=\"elementor elementor-9532\">\n\t\t\t\t\t\t<section class=\"elementor-section elementor-top-section elementor-element elementor-element-870115e elementor-section-boxed elementor-section-height-default elementor-section-height-default\" data-id=\"870115e\" data-element_type=\"section\">\n\t\t\t\t\t\t<div class=\"elementor-container elementor-column-gap-default\">\n\t\t\t\t\t<div class=\"elementor-column elementor-col-100 elementor-top-column elementor-element elementor-element-9afb3d3\" data-id=\"9afb3d3\" data-element_type=\"column\">\n\t\t\t<div class=\"elementor-widget-wrap elementor-element-populated\">\n\t\t\t\t\t\t<div class=\"elementor-element elementor-element-7c51977 elementor-invisible elementor-widget elementor-widget-heading\" data-id=\"7c51977\" data-element_type=\"widget\" data-settings=\"{&quot;_animation&quot;:&quot;fadeIn&quot;}\" data-widget_type=\"heading.default\">\n\t\t\t\t<div class=\"elementor-widget-container\">\n\t\t\t\t\t<h1 class=\"elementor-heading-title elementor-size-default\">BAGS<\/h1>\t\t\t\t<\/div>\n\t\t\t\t<\/div>\n\t\t\t\t\t<\/div>\n\t\t<\/div>\n\t\t\t\t\t<\/div>\n\t\t<\/section>\n\t\t\t\t<section class=\"elementor-section elementor-top-section elementor-element elementor-element-56076cd elementor-section-full_width elementor-section-stretched elementor-section-height-default elementor-section-height-default\" data-id=\"56076cd\" data-element_type=\"section\" data-settings=\"{&quot;stretch_section&quot;:&quot;section-stretched&quot;}\">\n\t\t\t\t\t\t<div class=\"elementor-container elementor-column-gap-default\">\n\t\t\t\t\t<div class=\"elementor-column elementor-col-100 elementor-top-column elementor-element elementor-element-70a99aa\" data-id=\"70a99aa\" data-element_type=\"column\">\n\t\t\t<div class=\"elementor-widget-wrap elementor-element-populated\">\n\t\t\t\t\t\t<div class=\"elementor-element elementor-element-0e5be25 elementor-widget elementor-widget-text-editor\" data-id=\"0e5be25\" data-element_type=\"widget\" data-widget_type=\"text-editor.default\">\n\t\t\t\t<div class=\"elementor-widget-container\">\n\t\t\t\t\t\t\t\t\t<p>Elevate your look with timeless bags. Created to beautify and enhance your life without animal or environmental harm.<\/p>\t\t\t\t\t\t\t\t<\/div>\n\t\t\t\t<\/div>\n\t\t\t\t<div class=\"elementor-element elementor-element-2ae7a2e elementor-widget-divider--view-line elementor-invisible elementor-widget elementor-widget-divider\" data-id=\"2ae7a2e\" data-element_type=\"widget\" data-settings=\"{&quot;_animation&quot;:&quot;fadeInRight&quot;,&quot;_animation_delay&quot;:600}\" data-widget_type=\"divider.default\">\n\t\t\t\t<div class=\"elementor-widget-container\">\n\t\t\t\t\t\t\t<div class=\"elementor-divider\">\n\t\t\t<span class=\"elementor-divider-separator\">\n\t\t\t\t\t\t<\/span>\n\t\t<\/div>\n\t\t\t\t\t\t<\/div>\n\t\t\t\t<\/div>\n\t\t\t\t\t<\/div>\n\t\t<\/div>\n\t\t\t\t\t<\/div>\n\t\t<\/section>\n\t\t\t\t<section class=\"elementor-section elementor-top-section elementor-element elementor-element-1a53907 elementor-section-full_width elementor-section-stretched elementor-section-height-default elementor-section-height-default\" data-id=\"1a53907\" data-element_type=\"section\" data-settings=\"{&quot;stretch_section&quot;:&quot;section-stretched&quot;}\">\n\t\t\t\t\t\t<div class=\"elementor-container elementor-column-gap-default\">\n\t\t\t\t\t<div class=\"elementor-column elementor-col-100 elementor-top-column elementor-element elementor-element-8fcbe0c\" data-id=\"8fcbe0c\" data-element_type=\"column\">\n\t\t\t<div class=\"elementor-widget-wrap elementor-element-populated\">\n\t\t\t\t\t\t<div class=\"elementor-element elementor-element-69db2e7 animated-slow premium-woo-product-align-center premium-qv-hidden-yes elementor-invisible elementor-widget elementor-widget-premium-woo-products\" data-id=\"69db2e7\" data-element_type=\"widget\" data-settings=\"{&quot;_animation&quot;:&quot;fadeIn&quot;,&quot;_animation_delay&quot;:300}\" data-widget_type=\"premium-woo-products.grid-3\">\n\t\t\t\t<div class=\"elementor-widget-container\">\n\t\t\t\t\t<div class=\"premium-woocommerce premium-woo-products-grid premium-woo-skin-grid-3 premium-woo-query-custom\" data-page-id=\"9532\" data-skin=\"grid_3\" data-quick-view=\"\"><div class=\"premium-woo-products-inner premium-woo-product__hover-swap\"><ul class=\"products columns-3\">\n\n<li class=\"post-7566 product first instock sale taxable shipping-taxable purchasable product-type-simple\">\n\t<div class=\"premium-woo-product-wrapper premium-con-lq__none\">\n\t\t<div class=\"premium-woo-product-thumbnail\"><div class=\"premium-woo-ribbon-container\">\t<div class=\"premium-woo-product-sale-wrap\">\r\n\t\t<span class=\"premium-woo-product-onsale\">Sale! <\/span>\r\n\t<\/div>\r\n\t<\/div><a href=\"http:\/\/lornaearth.com\/en\/product\/luachanna-bolso-cuero-de-cactus\/\" class=\"woocommerce-LoopProduct-link woocommerce-loop-product__link\"><img decoding=\"async\" src=\"https:\/\/lornaearth.com\/wp-content\/uploads\/2023\/06\/vegan-leather-cactus-bag-01-683x1024.png\" alt=\"\"><img fetchpriority=\"high\" decoding=\"async\" width=\"724\" height=\"1024\" src=\"https:\/\/lornaearth.com\/wp-content\/uploads\/2023\/06\/CACTUS-724x1024.jpg\" class=\"premium-woo-product__on_hover\" alt=\"\"><\/a><\/div><div class=\"premium-woo-products-details-wrap\"><a href=\"http:\/\/lornaearth.com\/en\/product\/luachanna-bolso-cuero-de-cactus\/\" class=\"premium-woo-product__link\"><h3 class=\"woocommerce-loop-product__title\">LUACHANNA VEGAN LEATHER BAG<\/h3><\/a>\n\t<span class=\"price\"><del aria-hidden=\"true\"><span class=\"woocommerce-Price-amount amount\"><bdi>291&nbsp;<span class=\"woocommerce-Price-currencySymbol\">&euro;<\/span><\/bdi><\/span><\/del> <span class=\"screen-reader-text\" data-no-translation=\"\" data-trp-gettext=\"\">Original price was: 291&nbsp;&euro;.<\/span><ins aria-hidden=\"true\"><span class=\"woocommerce-Price-amount amount\"><bdi>131&nbsp;<span class=\"woocommerce-Price-currencySymbol\">&euro;<\/span><\/bdi><\/span><\/ins><span class=\"screen-reader-text\" data-no-translation=\"\" data-trp-gettext=\"\">Current price is: 131&nbsp;&euro;.<\/span><\/span>\n<\/div>\t<\/div>\n<\/li>\n\n<li class=\"post-7573 product  instock sale taxable shipping-taxable purchasable product-type-simple\">\n\t<div class=\"premium-woo-product-wrapper premium-con-lq__none\">\n\t\t<div class=\"premium-woo-product-thumbnail\"><div class=\"premium-woo-ribbon-container\">\t<div class=\"premium-woo-product-sale-wrap\">\r\n\t\t<span class=\"premium-woo-product-onsale\">Sale! <\/span>\r\n\t<\/div>\r\n\t<\/div><a href=\"http:\/\/lornaearth.com\/en\/product\/intentions-bolso-tote-cuero-de-cactus\/\" class=\"woocommerce-LoopProduct-link woocommerce-loop-product__link\"><img decoding=\"async\" src=\"https:\/\/lornaearth.com\/wp-content\/uploads\/2023\/06\/bolso-piel-vegana-lorna-earth-01-683x1024.png\" alt=\"\"><img decoding=\"async\" width=\"1024\" height=\"1024\" src=\"https:\/\/lornaearth.com\/wp-content\/uploads\/2023\/06\/BOLSO-2-1024x1024.jpg\" class=\"premium-woo-product__on_hover\" alt=\"\"><\/a><\/div><div class=\"premium-woo-products-details-wrap\"><a href=\"http:\/\/lornaearth.com\/en\/product\/intentions-bolso-tote-cuero-de-cactus\/\" class=\"premium-woo-product__link\"><h3 class=\"woocommerce-loop-product__title\">INTENTIONS VEGAN TOTE BAG<\/h3><\/a>\n\t<span class=\"price\"><del aria-hidden=\"true\"><span class=\"woocommerce-Price-amount amount\"><bdi>132&nbsp;<span class=\"woocommerce-Price-currencySymbol\">&euro;<\/span><\/bdi><\/span><\/del> <span class=\"screen-reader-text\" data-no-translation=\"\" data-trp-gettext=\"\">Original price was: 132&nbsp;&euro;.<\/span><ins aria-hidden=\"true\"><span class=\"woocommerce-Price-amount amount\"><bdi>66&nbsp;<span class=\"woocommerce-Price-currencySymbol\">&euro;<\/span><\/bdi><\/span><\/ins><span class=\"screen-reader-text\" data-no-translation=\"\" data-trp-gettext=\"\">Current price is: 66&nbsp;&euro;.<\/span><\/span>\n<\/div>\t<\/div>\n<\/li>\n\n<li class=\"post-9049 product last instock sale taxable shipping-taxable purchasable product-type-variable\">\n\t<div class=\"premium-woo-product-wrapper premium-con-lq__none\">\n\t\t<div class=\"premium-woo-product-thumbnail\"><div class=\"premium-woo-ribbon-container\">\t<div class=\"premium-woo-product-sale-wrap\">\r\n\t\t<span class=\"premium-woo-product-onsale\">Sale! <\/span>\r\n\t<\/div>\r\n\t<\/div><a href=\"http:\/\/lornaearth.com\/en\/product\/selma-bolso-rejilla\/\" class=\"woocommerce-LoopProduct-link woocommerce-loop-product__link\"><img decoding=\"async\" src=\"https:\/\/lornaearth.com\/wp-content\/uploads\/2023\/08\/selma-shopper-black-bag-vegan-lorna-earth-01-copy-683x1024.jpg\" alt=\"\"><img decoding=\"async\" width=\"683\" height=\"1024\" src=\"https:\/\/lornaearth.com\/wp-content\/uploads\/2023\/08\/selma-shopper-black-bag-vegan-lorna-earth-02-1-683x1024.jpg\" class=\"premium-woo-product__on_hover\" alt=\"\"><\/a><\/div><div class=\"premium-woo-products-details-wrap\"><a href=\"http:\/\/lornaearth.com\/en\/product\/selma-bolso-rejilla\/\" class=\"premium-woo-product__link\"><h3 class=\"woocommerce-loop-product__title\">SELMA MESH BAG<\/h3><\/a>\n\t<span class=\"price\"><del aria-hidden=\"true\"><span class=\"woocommerce-Price-amount amount\"><bdi>75&nbsp;<span class=\"woocommerce-Price-currencySymbol\">&euro;<\/span><\/bdi><\/span><\/del> <span class=\"screen-reader-text\" data-no-translation=\"\" data-trp-gettext=\"\">Original price was: 75&nbsp;&euro;.<\/span><ins aria-hidden=\"true\"><span class=\"woocommerce-Price-amount amount\"><bdi>60&nbsp;<span class=\"woocommerce-Price-currencySymbol\">&euro;<\/span><\/bdi><\/span><\/ins><span class=\"screen-reader-text\" data-no-translation=\"\" data-trp-gettext=\"\">Current price is: 60&nbsp;&euro;.<\/span><\/span>\n<\/div>\t<\/div>\n<\/li>\n\n<li class=\"post-10116 product first instock sale taxable shipping-taxable purchasable product-type-simple\">\n\t<div class=\"premium-woo-product-wrapper premium-con-lq__none\">\n\t\t<div class=\"premium-woo-product-thumbnail\"><div class=\"premium-woo-ribbon-container\">\t<div class=\"premium-woo-product-sale-wrap\">\r\n\t\t<span class=\"premium-woo-product-onsale\">Sale! <\/span>\r\n\t<\/div>\r\n\t<\/div><a href=\"http:\/\/lornaearth.com\/en\/product\/selma-bolso-amarillo\/\" class=\"woocommerce-LoopProduct-link woocommerce-loop-product__link\"><img decoding=\"async\" src=\"https:\/\/lornaearth.com\/wp-content\/uploads\/2025\/06\/selma-y-1-768x1024.jpg\" alt=\"\"><img loading=\"lazy\" decoding=\"async\" width=\"768\" height=\"1024\" src=\"https:\/\/lornaearth.com\/wp-content\/uploads\/2025\/06\/selma-y-2-768x1024.jpg\" class=\"premium-woo-product__on_hover\" alt=\"\"><\/a><\/div><div class=\"premium-woo-products-details-wrap\"><a href=\"http:\/\/lornaearth.com\/en\/product\/selma-bolso-amarillo\/\" class=\"premium-woo-product__link\"><h3 class=\"woocommerce-loop-product__title\">SELMA BOLSO AMARILLO<\/h3><\/a>\n\t<span class=\"price\"><del aria-hidden=\"true\"><span class=\"woocommerce-Price-amount amount\"><bdi>75&nbsp;<span class=\"woocommerce-Price-currencySymbol\">&euro;<\/span><\/bdi><\/span><\/del> <span class=\"screen-reader-text\" data-no-translation=\"\" data-trp-gettext=\"\">Original price was: 75&nbsp;&euro;.<\/span><ins aria-hidden=\"true\"><span class=\"woocommerce-Price-amount amount\"><bdi>45&nbsp;<span class=\"woocommerce-Price-currencySymbol\">&euro;<\/span><\/bdi><\/span><\/ins><span class=\"screen-reader-text\" data-no-translation=\"\" data-trp-gettext=\"\">Current price is: 45&nbsp;&euro;.<\/span><\/span>\n<\/div>\t<\/div>\n<\/li>\n\n<li class=\"post-10131 product  instock sale taxable shipping-taxable purchasable product-type-simple\">\n\t<div class=\"premium-woo-product-wrapper premium-con-lq__none\">\n\t\t<div class=\"premium-woo-product-thumbnail\"><div class=\"premium-woo-ribbon-container\">\t<div class=\"premium-woo-product-sale-wrap\">\r\n\t\t<span class=\"premium-woo-product-onsale\">Sale! <\/span>\r\n\t<\/div>\r\n\t<\/div><a href=\"http:\/\/lornaearth.com\/en\/product\/selma-bolso-turquesa\/\" class=\"woocommerce-LoopProduct-link woocommerce-loop-product__link\"><img decoding=\"async\" src=\"https:\/\/lornaearth.com\/wp-content\/uploads\/2025\/06\/selma-t-2-768x1024.jpg\" alt=\"\"><img loading=\"lazy\" decoding=\"async\" width=\"768\" height=\"1024\" src=\"https:\/\/lornaearth.com\/wp-content\/uploads\/2025\/06\/selma-t-3-768x1024.jpg\" class=\"premium-woo-product__on_hover\" alt=\"\"><\/a><\/div><div class=\"premium-woo-products-details-wrap\"><a href=\"http:\/\/lornaearth.com\/en\/product\/selma-bolso-turquesa\/\" class=\"premium-woo-product__link\"><h3 class=\"woocommerce-loop-product__title\">SELMA BOLSO TURQUESA<\/h3><\/a>\n\t<span class=\"price\"><del aria-hidden=\"true\"><span class=\"woocommerce-Price-amount amount\"><bdi>75&nbsp;<span class=\"woocommerce-Price-currencySymbol\">&euro;<\/span><\/bdi><\/span><\/del> <span class=\"screen-reader-text\" data-no-translation=\"\" data-trp-gettext=\"\">Original price was: 75&nbsp;&euro;.<\/span><ins aria-hidden=\"true\"><span class=\"woocommerce-Price-amount amount\"><bdi>45&nbsp;<span class=\"woocommerce-Price-currencySymbol\">&euro;<\/span><\/bdi><\/span><\/ins><span class=\"screen-reader-text\" data-no-translation=\"\" data-trp-gettext=\"\">Current price is: 45&nbsp;&euro;.<\/span><\/span>\n<\/div>\t<\/div>\n<\/li>\n<\/ul>\n<\/div><\/div>\t\t\t\t<\/div>\n\t\t\t\t<\/div>\n\t\t\t\t<div class=\"elementor-element elementor-element-2e6e19c elementor-widget-divider--view-line elementor-invisible elementor-widget elementor-widget-divider\" data-id=\"2e6e19c\" data-element_type=\"widget\" data-settings=\"{&quot;_animation&quot;:&quot;fadeInRight&quot;,&quot;_animation_delay&quot;:600}\" data-widget_type=\"divider.default\">\n\t\t\t\t<div class=\"elementor-widget-container\">\n\t\t\t\t\t\t\t<div class=\"elementor-divider\">\n\t\t\t<span class=\"elementor-divider-separator\">\n\t\t\t\t\t\t<\/span>\n\t\t<\/div>\n\t\t\t\t\t\t<\/div>\n\t\t\t\t<\/div>\n\t\t\t\t\t<\/div>\n\t\t<\/div>\n\t\t\t\t\t<\/div>\n\t\t<\/section>\n\t\t\t\t<section class=\"elementor-section elementor-top-section elementor-element elementor-element-7ff4829b elementor-section-boxed elementor-section-height-default elementor-section-height-default\" data-id=\"7ff4829b\" data-element_type=\"section\">\n\t\t\t\t\t\t<div class=\"elementor-container elementor-column-gap-custom\">\n\t\t\t\t\t<div class=\"elementor-column elementor-col-100 elementor-top-column elementor-element elementor-element-32778d2a\" data-id=\"32778d2a\" data-element_type=\"column\">\n\t\t\t<div class=\"elementor-widget-wrap elementor-element-populated\">\n\t\t\t\t\t\t<div class=\"elementor-element elementor-element-7ab8950c elementor-invisible elementor-widget elementor-widget-heading\" data-id=\"7ab8950c\" data-element_type=\"widget\" data-settings=\"{&quot;_animation&quot;:&quot;fadeIn&quot;}\" data-widget_type=\"heading.default\">\n\t\t\t\t<div class=\"elementor-widget-container\">\n\t\t\t\t\t<h2 class=\"elementor-heading-title elementor-size-default\">Bolsos veganos y sostenibles hechos para durar<\/h3>\t\t\t\t<\/div>\n\t\t\t\t<\/div>\n\t\t\t\t<div class=\"elementor-element elementor-element-5f82b42e shop-page-description elementor-widget elementor-widget-text-editor\" data-id=\"5f82b42e\" data-element_type=\"widget\" data-widget_type=\"text-editor.default\">\n\t\t\t\t<div class=\"elementor-widget-container\">\n\t\t\t\t\t\t\t\t\t<p data-start=\"330\" data-end=\"744\">Los <strong data-start=\"334\" data-end=\"359\">bolsos de Lorna Earth<\/strong> son m\u00e1s que un accesorio: son una declaraci\u00f3n de principios, una forma de entender la belleza desde la conciencia. Cada pieza nace de la b\u00fasqueda de equilibrio entre funcionalidad, dise\u00f1o y respeto por la vida. Confeccionados con <strong data-start=\"590\" data-end=\"606\">cuero vegano<\/strong> y materiales sostenibles de alta calidad, nuestros bolsos combinan resistencia, elegancia y una est\u00e9tica que trasciende las tendencias.<\/p><p data-start=\"746\" data-end=\"1048\">Cada costura refleja una historia de coherencia. Detr\u00e1s de cada modelo hay un proceso \u00e9tico que honra tanto a quienes lo elaboran como a los recursos que lo hacen posible. Su dise\u00f1o atemporal se adapta a cada ocasi\u00f3n, acompa\u00f1\u00e1ndote en tu d\u00eda a d\u00eda con la serenidad de lo que est\u00e1 hecho para perdurar.<\/p>\t\t\t\t\t\t\t\t<\/div>\n\t\t\t\t<\/div>\n\t\t\t\t<div class=\"elementor-element elementor-element-a822bd9 elementor-invisible elementor-widget elementor-widget-heading\" data-id=\"a822bd9\" data-element_type=\"widget\" data-settings=\"{&quot;_animation&quot;:&quot;fadeIn&quot;}\" data-widget_type=\"heading.default\">\n\t\t\t\t<div class=\"elementor-widget-container\">\n\t\t\t\t\t<h3 class=\"elementor-heading-title elementor-size-default\">Cuero vegano y dise\u00f1o \u00e9tico en perfecta armon\u00eda<\/h3>\t\t\t\t<\/div>\n\t\t\t\t<\/div>\n\t\t\t\t<div class=\"elementor-element elementor-element-57019f6 shop-page-description elementor-widget elementor-widget-text-editor\" data-id=\"57019f6\" data-element_type=\"widget\" data-widget_type=\"text-editor.default\">\n\t\t\t\t<div class=\"elementor-widget-container\">\n\t\t\t\t\t\t\t\t\t<p data-start=\"330\" data-end=\"744\">En <strong data-start=\"1053\" data-end=\"1068\">Lorna Earth<\/strong> creemos que la verdadera sofisticaci\u00f3n surge de la responsabilidad. Por eso, cada bolso ha sido creado sin sufrimiento animal, evitando materiales que da\u00f1en el entorno y apostando por una producci\u00f3n consciente y duradera.<\/p><p data-start=\"1294\" data-end=\"1557\">Ll\u00e9valo contigo como s\u00edmbolo de un <strong data-start=\"1329\" data-end=\"1354\">lujo honesto y sereno<\/strong>, ese que no grita sino que se expresa en silencio, con la elegancia de lo aut\u00e9ntico. Porque el estilo m\u00e1s bello es aquel que respeta, que cuida y que deja huellas solo en la memoria, no en el planeta.<\/p>\t\t\t\t\t\t\t\t<\/div>\n\t\t\t\t<\/div>\n\t\t\t\t\t<\/div>\n\t\t<\/div>\n\t\t\t\t\t<\/div>\n\t\t<\/section>\n\t\t\t\t<\/div>","protected":false},"excerpt":{"rendered":"<p>BOLSOS Eleva tu look con bolsos atemporales. Creados para embellecer y acomodar tu vida sin sufrimiento animal ni ambiental. \u00a1Oferta! LUACHANNA BOLSO PIEL VEGANA 291&nbsp;&euro; El precio original era: 291&nbsp;&euro;.174&nbsp;&euro;El precio actual es: 174&nbsp;&euro;. \u00a1Oferta! INTENTIONS BOLSO PIEL VEGANA 132&nbsp;&euro; El precio original era: 132&nbsp;&euro;.79&nbsp;&euro;El precio actual es: 79&nbsp;&euro;. NADIR BOLSO 55&nbsp;&euro; \u00a1Oferta! SELMA BOLSO<a class=\"more-link\" href=\"http:\/\/lornaearth.com\/en\/product\/selma-bolso-turquesa\/\">Read more  &#10230;<\/a><\/p>","protected":false},"author":1,"featured_media":0,"parent":0,"menu_order":0,"comment_status":"closed","ping_status":"closed","template":"","meta":{"om_disable_all_campaigns":false,"_monsterinsights_skip_tracking":false,"_monsterinsights_sitenote_active":false,"_monsterinsights_sitenote_note":"","_monsterinsights_sitenote_category":0,"_uf_show_specific_survey":0,"_uf_disable_surveys":false,"footnotes":""},"class_list":["post-9532","page","type-page","status-publish","hentry"],"_links":{"self":[{"href":"http:\/\/lornaearth.com\/en\/wp-json\/wp\/v2\/pages\/9532","targetHints":{"allow":["GET"]}}],"collection":[{"href":"http:\/\/lornaearth.com\/en\/wp-json\/wp\/v2\/pages"}],"about":[{"href":"http:\/\/lornaearth.com\/en\/wp-json\/wp\/v2\/types\/page"}],"author":[{"embeddable":true,"href":"http:\/\/lornaearth.com\/en\/wp-json\/wp\/v2\/users\/1"}],"replies":[{"embeddable":true,"href":"http:\/\/lornaearth.com\/en\/wp-json\/wp\/v2\/comments?post=9532"}],"version-history":[{"count":34,"href":"http:\/\/lornaearth.com\/en\/wp-json\/wp\/v2\/pages\/9532\/revisions"}],"predecessor-version":[{"id":11004,"href":"http:\/\/lornaearth.com\/en\/wp-json\/wp\/v2\/pages\/9532\/revisions\/11004"}],"wp:attachment":[{"href":"http:\/\/lornaearth.com\/en\/wp-json\/wp\/v2\/media?parent=9532"}],"curies":[{"name":"wp","href":"https:\/\/api.w.org\/{rel}","templated":true}]}}