{"id":8584,"date":"2023-07-05T16:36:23","date_gmt":"2023-07-05T16:36:23","guid":{"rendered":"https:\/\/lornaearth.com\/?page_id=8584"},"modified":"2025-11-29T18:54:34","modified_gmt":"2025-11-29T18:54:34","slug":"autocuidado","status":"publish","type":"page","link":"http:\/\/lornaearth.com\/en\/autocuidado\/","title":{"rendered":"Self-Care"},"content":{"rendered":"<div data-elementor-type=\"wp-page\" data-elementor-id=\"8584\" class=\"elementor elementor-8584\">\n\t\t\t\t\t\t<section class=\"elementor-section elementor-top-section elementor-element elementor-element-870115e elementor-section-boxed elementor-section-height-default elementor-section-height-default\" data-id=\"870115e\" data-element_type=\"section\">\n\t\t\t\t\t\t<div class=\"elementor-container elementor-column-gap-default\">\n\t\t\t\t\t<div class=\"elementor-column elementor-col-100 elementor-top-column elementor-element elementor-element-9afb3d3\" data-id=\"9afb3d3\" data-element_type=\"column\">\n\t\t\t<div class=\"elementor-widget-wrap elementor-element-populated\">\n\t\t\t\t\t\t<div class=\"elementor-element elementor-element-7c51977 elementor-invisible elementor-widget elementor-widget-heading\" data-id=\"7c51977\" data-element_type=\"widget\" data-settings=\"{&quot;_animation&quot;:&quot;fadeIn&quot;}\" data-widget_type=\"heading.default\">\n\t\t\t\t<div class=\"elementor-widget-container\">\n\t\t\t\t\t<h1 class=\"elementor-heading-title elementor-size-default\">Self-Care<\/h1>\t\t\t\t<\/div>\n\t\t\t\t<\/div>\n\t\t\t\t\t<\/div>\n\t\t<\/div>\n\t\t\t\t\t<\/div>\n\t\t<\/section>\n\t\t\t\t<section class=\"elementor-section elementor-top-section elementor-element elementor-element-56076cd elementor-section-full_width elementor-section-stretched elementor-section-height-default elementor-section-height-default\" data-id=\"56076cd\" data-element_type=\"section\" data-settings=\"{&quot;stretch_section&quot;:&quot;section-stretched&quot;}\">\n\t\t\t\t\t\t<div class=\"elementor-container elementor-column-gap-default\">\n\t\t\t\t\t<div class=\"elementor-column elementor-col-100 elementor-top-column elementor-element elementor-element-70a99aa\" data-id=\"70a99aa\" data-element_type=\"column\">\n\t\t\t<div class=\"elementor-widget-wrap elementor-element-populated\">\n\t\t\t\t\t\t<div class=\"elementor-element elementor-element-8364092 shop-page-description elementor-widget elementor-widget-text-editor\" data-id=\"8364092\" data-element_type=\"widget\" data-widget_type=\"text-editor.default\">\n\t\t\t\t<div class=\"elementor-widget-container\">\n\t\t\t\t\t\t\t\t\t<p>Take care of yourself from the inside out, from the soul to the body.<\/p>\t\t\t\t\t\t\t\t<\/div>\n\t\t\t\t<\/div>\n\t\t\t\t<div class=\"elementor-element elementor-element-2ae7a2e elementor-widget-divider--view-line elementor-invisible elementor-widget elementor-widget-divider\" data-id=\"2ae7a2e\" data-element_type=\"widget\" data-settings=\"{&quot;_animation&quot;:&quot;fadeInRight&quot;,&quot;_animation_delay&quot;:600}\" data-widget_type=\"divider.default\">\n\t\t\t\t<div class=\"elementor-widget-container\">\n\t\t\t\t\t\t\t<div class=\"elementor-divider\">\n\t\t\t<span class=\"elementor-divider-separator\">\n\t\t\t\t\t\t<\/span>\n\t\t<\/div>\n\t\t\t\t\t\t<\/div>\n\t\t\t\t<\/div>\n\t\t\t\t\t<\/div>\n\t\t<\/div>\n\t\t\t\t\t<\/div>\n\t\t<\/section>\n\t\t\t\t<section class=\"elementor-section elementor-top-section elementor-element elementor-element-1a53907 elementor-section-full_width elementor-section-stretched elementor-section-height-default elementor-section-height-default\" data-id=\"1a53907\" data-element_type=\"section\" data-settings=\"{&quot;stretch_section&quot;:&quot;section-stretched&quot;}\">\n\t\t\t\t\t\t<div class=\"elementor-container elementor-column-gap-default\">\n\t\t\t\t\t<div class=\"elementor-column elementor-col-100 elementor-top-column elementor-element elementor-element-8fcbe0c\" data-id=\"8fcbe0c\" data-element_type=\"column\">\n\t\t\t<div class=\"elementor-widget-wrap elementor-element-populated\">\n\t\t\t\t\t\t<div class=\"elementor-element elementor-element-69db2e7 animated-slow premium-woo-product-align-center premium-qv-hidden-yes elementor-invisible elementor-widget elementor-widget-premium-woo-products\" data-id=\"69db2e7\" data-element_type=\"widget\" data-settings=\"{&quot;_animation&quot;:&quot;fadeIn&quot;,&quot;_animation_delay&quot;:300}\" data-widget_type=\"premium-woo-products.grid-3\">\n\t\t\t\t<div class=\"elementor-widget-container\">\n\t\t\t\t\t<div class=\"premium-woocommerce premium-woo-products-grid premium-woo-skin-grid-3 premium-woo-query-custom\" data-page-id=\"8584\" data-skin=\"grid_3\" data-quick-view=\"\"><div class=\"premium-woo-products-inner premium-woo-product__hover-swap\"><ul class=\"products columns-3\">\n\n<li class=\"post-11316 product first instock taxable shipping-taxable purchasable product-type-variable\">\n\t<div class=\"premium-woo-product-wrapper premium-con-lq__none\">\n\t\t<div class=\"premium-woo-product-thumbnail\"><a href=\"http:\/\/lornaearth.com\/en\/product\/setambientador-mikado-ajen\/\" class=\"woocommerce-LoopProduct-link woocommerce-loop-product__link\"><img decoding=\"async\" src=\"https:\/\/lornaearth.com\/wp-content\/uploads\/2026\/03\/scent-diffuser-starter-set-2910533.jpg-1024x1024.webp\" alt=\"\"><\/a><\/div><div class=\"premium-woo-products-details-wrap\"><a href=\"http:\/\/lornaearth.com\/en\/product\/setambientador-mikado-ajen\/\" class=\"premium-woo-product__link\"><h3 class=\"woocommerce-loop-product__title\">SCENT DIFFUSER SET - PREORDER<\/h3><\/a>\n\t<span class=\"price\"><span class=\"woocommerce-Price-amount amount\"><bdi>59&nbsp;<span class=\"woocommerce-Price-currencySymbol\">&euro;<\/span><\/bdi><\/span><\/span>\n<\/div>\t<\/div>\n<\/li>\n\n<li class=\"post-11036 product  instock taxable shipping-taxable purchasable product-type-variable\">\n\t<div class=\"premium-woo-product-wrapper premium-con-lq__none\">\n\t\t<div class=\"premium-woo-product-thumbnail\"><a href=\"http:\/\/lornaearth.com\/en\/product\/set-jabon-de-manos\/\" class=\"woocommerce-LoopProduct-link woocommerce-loop-product__link\"><img decoding=\"async\" src=\"https:\/\/lornaearth.com\/wp-content\/uploads\/2025\/12\/ajen-handwash-1-768x1024.jpg\" alt=\"\"><\/a><\/div><div class=\"premium-woo-products-details-wrap\"><a href=\"http:\/\/lornaearth.com\/en\/product\/set-jabon-de-manos\/\" class=\"premium-woo-product__link\"><h3 class=\"woocommerce-loop-product__title\">AJEN HAND WASH SET<\/h3><\/a>\n\t<span class=\"price\"><span class=\"woocommerce-Price-amount amount\"><bdi>35&nbsp;<span class=\"woocommerce-Price-currencySymbol\">&euro;<\/span><\/bdi><\/span><\/span>\n<\/div>\t<\/div>\n<\/li>\n\n<li class=\"post-11033 product last instock taxable shipping-taxable purchasable product-type-variable\">\n\t<div class=\"premium-woo-product-wrapper premium-con-lq__none\">\n\t\t<div class=\"premium-woo-product-thumbnail\"><a href=\"http:\/\/lornaearth.com\/en\/product\/set-crema-de-manos-ajen\/\" class=\"woocommerce-LoopProduct-link woocommerce-loop-product__link\"><img decoding=\"async\" src=\"https:\/\/lornaearth.com\/wp-content\/uploads\/2025\/12\/ajen-handbalm-768x1024.jpg\" alt=\"\"><\/a><\/div><div class=\"premium-woo-products-details-wrap\"><a href=\"http:\/\/lornaearth.com\/en\/product\/set-crema-de-manos-ajen\/\" class=\"premium-woo-product__link\"><h3 class=\"woocommerce-loop-product__title\">AJEN HAND BALM SET<\/h3><\/a>\n\t<span class=\"price\"><span class=\"woocommerce-Price-amount amount\"><bdi>32&nbsp;<span class=\"woocommerce-Price-currencySymbol\">&euro;<\/span><\/bdi><\/span><\/span>\n<\/div>\t<\/div>\n<\/li>\n\n<li class=\"post-11030 product first instock taxable shipping-taxable purchasable product-type-variable\">\n\t<div class=\"premium-woo-product-wrapper premium-con-lq__none\">\n\t\t<div class=\"premium-woo-product-thumbnail\"><a href=\"http:\/\/lornaearth.com\/en\/product\/set-acondicionador-ajen\/\" class=\"woocommerce-LoopProduct-link woocommerce-loop-product__link\"><img decoding=\"async\" src=\"https:\/\/lornaearth.com\/wp-content\/uploads\/2025\/12\/ajen-conditioner-1-768x1024.jpg\" alt=\"\"><\/a><\/div><div class=\"premium-woo-products-details-wrap\"><a href=\"http:\/\/lornaearth.com\/en\/product\/set-acondicionador-ajen\/\" class=\"premium-woo-product__link\"><h3 class=\"woocommerce-loop-product__title\">AJEN CONDITIONER SET<\/h3><\/a>\n\t<span class=\"price\"><span class=\"woocommerce-Price-amount amount\"><bdi>35&nbsp;<span class=\"woocommerce-Price-currencySymbol\">&euro;<\/span><\/bdi><\/span><\/span>\n<\/div>\t<\/div>\n<\/li>\n\n<li class=\"post-11026 product  instock taxable shipping-taxable purchasable product-type-variable\">\n\t<div class=\"premium-woo-product-wrapper premium-con-lq__none\">\n\t\t<div class=\"premium-woo-product-thumbnail\"><a href=\"http:\/\/lornaearth.com\/en\/product\/set-champu\/\" class=\"woocommerce-LoopProduct-link woocommerce-loop-product__link\"><img decoding=\"async\" src=\"https:\/\/lornaearth.com\/wp-content\/uploads\/2025\/12\/ajen-shampoo-1-768x1024.jpg\" alt=\"\"><\/a><\/div><div class=\"premium-woo-products-details-wrap\"><a href=\"http:\/\/lornaearth.com\/en\/product\/set-champu\/\" class=\"premium-woo-product__link\"><h3 class=\"woocommerce-loop-product__title\">AJEN SHAMPOO SET<\/h3><\/a>\n\t<span class=\"price\"><span class=\"woocommerce-Price-amount amount\"><bdi>35&nbsp;<span class=\"woocommerce-Price-currencySymbol\">&euro;<\/span><\/bdi><\/span><\/span>\n<\/div>\t<\/div>\n<\/li>\n\n<li class=\"post-11022 product last instock taxable shipping-taxable purchasable product-type-variable\">\n\t<div class=\"premium-woo-product-wrapper premium-con-lq__none\">\n\t\t<div class=\"premium-woo-product-thumbnail\"><a href=\"http:\/\/lornaearth.com\/en\/product\/set-jabon-corporal\/\" class=\"woocommerce-LoopProduct-link woocommerce-loop-product__link\"><img decoding=\"async\" src=\"https:\/\/lornaearth.com\/wp-content\/uploads\/2025\/12\/ajen-bodywash-1-768x1024.jpg\" alt=\"\"><\/a><\/div><div class=\"premium-woo-products-details-wrap\"><a href=\"http:\/\/lornaearth.com\/en\/product\/set-jabon-corporal\/\" class=\"premium-woo-product__link\"><h3 class=\"woocommerce-loop-product__title\">AJEN BODY WASH SET<\/h3><\/a>\n\t<span class=\"price\"><span class=\"woocommerce-Price-amount amount\"><bdi>29&nbsp;<span class=\"woocommerce-Price-currencySymbol\">&euro;<\/span><\/bdi><\/span><\/span>\n<\/div>\t<\/div>\n<\/li>\n\n<li class=\"post-10996 product first instock taxable shipping-taxable purchasable product-type-simple\">\n\t<div class=\"premium-woo-product-wrapper premium-con-lq__none\">\n\t\t<div class=\"premium-woo-product-thumbnail\"><a href=\"http:\/\/lornaearth.com\/en\/product\/roll-on-antiestres\/\" class=\"woocommerce-LoopProduct-link woocommerce-loop-product__link\"><img decoding=\"async\" src=\"https:\/\/lornaearth.com\/wp-content\/uploads\/2025\/12\/Copie-de-Peaceful-Mind-768x1024.jpg\" alt=\"\"><\/a><\/div><div class=\"premium-woo-products-details-wrap\"><a href=\"http:\/\/lornaearth.com\/en\/product\/roll-on-antiestres\/\" class=\"premium-woo-product__link\"><h3 class=\"woocommerce-loop-product__title\">PEACEFUL MIND ROLL-ON<\/h3><\/a>\n\t<span class=\"price\"><span class=\"woocommerce-Price-amount amount\"><bdi>26&nbsp;<span class=\"woocommerce-Price-currencySymbol\">&euro;<\/span><\/bdi><\/span><\/span>\n<\/div>\t<\/div>\n<\/li>\n\n<li class=\"post-10994 product  instock taxable shipping-taxable purchasable product-type-simple\">\n\t<div class=\"premium-woo-product-wrapper premium-con-lq__none\">\n\t\t<div class=\"premium-woo-product-thumbnail\"><a href=\"http:\/\/lornaearth.com\/en\/product\/desinfectante-manos-relajante\/\" class=\"woocommerce-LoopProduct-link woocommerce-loop-product__link\"><img decoding=\"async\" src=\"https:\/\/lornaearth.com\/wp-content\/uploads\/2025\/12\/Copie-de-Hands-Lavender-768x1024.jpg\" alt=\"\"><\/a><\/div><div class=\"premium-woo-products-details-wrap\"><a href=\"http:\/\/lornaearth.com\/en\/product\/desinfectante-manos-relajante\/\" class=\"premium-woo-product__link\"><h3 class=\"woocommerce-loop-product__title\">HANDS CLEANER<\/h3><\/a>\n\t<span class=\"price\"><span class=\"woocommerce-Price-amount amount\"><bdi>14&nbsp;<span class=\"woocommerce-Price-currencySymbol\">&euro;<\/span><\/bdi><\/span><\/span>\n<\/div>\t<\/div>\n<\/li>\n\n<li class=\"post-10992 product last instock taxable shipping-taxable purchasable product-type-simple\">\n\t<div class=\"premium-woo-product-wrapper premium-con-lq__none\">\n\t\t<div class=\"premium-woo-product-thumbnail\"><a href=\"http:\/\/lornaearth.com\/en\/product\/spray-daily-defense\/\" class=\"woocommerce-LoopProduct-link woocommerce-loop-product__link\"><img decoding=\"async\" src=\"https:\/\/lornaearth.com\/wp-content\/uploads\/2025\/12\/DAILY-DEFENSE-768x1024.jpg\" alt=\"\"><\/a><\/div><div class=\"premium-woo-products-details-wrap\"><a href=\"http:\/\/lornaearth.com\/en\/product\/spray-daily-defense\/\" class=\"premium-woo-product__link\"><h3 class=\"woocommerce-loop-product__title\">DAILY DEFENSE SPRAY<\/h3><\/a>\n\t<span class=\"price\"><span class=\"woocommerce-Price-amount amount\"><bdi>36&nbsp;<span class=\"woocommerce-Price-currencySymbol\">&euro;<\/span><\/bdi><\/span><\/span>\n<\/div>\t<\/div>\n<\/li>\n\n<li class=\"post-10989 product first outofstock taxable shipping-taxable purchasable product-type-simple\">\n\t<div class=\"premium-woo-product-wrapper premium-con-lq__none\">\n\t\t<div class=\"premium-woo-product-thumbnail\"><a href=\"http:\/\/lornaearth.com\/en\/product\/spray-dreamy-pillow\/\" class=\"woocommerce-LoopProduct-link woocommerce-loop-product__link\"><img decoding=\"async\" src=\"https:\/\/lornaearth.com\/wp-content\/uploads\/2025\/12\/dreamy-pillow-768x1024.jpg\" alt=\"\"><img fetchpriority=\"high\" decoding=\"async\" width=\"683\" height=\"1024\" src=\"https:\/\/lornaearth.com\/wp-content\/uploads\/2025\/12\/dreamy-pillow-1-683x1024.jpg\" class=\"premium-woo-product__on_hover\" alt=\"\"><\/a><\/div><div class=\"premium-woo-products-details-wrap\"><a href=\"http:\/\/lornaearth.com\/en\/product\/spray-dreamy-pillow\/\" class=\"premium-woo-product__link\"><h3 class=\"woocommerce-loop-product__title\">DREAMY PILLOW SPRAY<\/h3><\/a>\n\t<span class=\"price\"><span class=\"woocommerce-Price-amount amount\"><bdi>36&nbsp;<span class=\"woocommerce-Price-currencySymbol\">&euro;<\/span><\/bdi><\/span><\/span>\n<\/div>\t<\/div>\n<\/li>\n\n<li class=\"post-9951 product  instock taxable shipping-taxable purchasable product-type-simple\">\n\t<div class=\"premium-woo-product-wrapper premium-con-lq__none\">\n\t\t<div class=\"premium-woo-product-thumbnail\"><a href=\"http:\/\/lornaearth.com\/en\/product\/crema-intensa\/\" class=\"woocommerce-LoopProduct-link woocommerce-loop-product__link\"><img decoding=\"async\" src=\"https:\/\/lornaearth.com\/wp-content\/uploads\/2025\/04\/PERS-Social-Media-selection-00004-682x1024.jpg\" alt=\"\"><img decoding=\"async\" width=\"682\" height=\"1024\" src=\"https:\/\/lornaearth.com\/wp-content\/uploads\/2025\/04\/PERS-Social-Media-selection-00015-682x1024.jpg\" class=\"premium-woo-product__on_hover\" alt=\"\"><\/a><\/div><div class=\"premium-woo-products-details-wrap\"><a href=\"http:\/\/lornaearth.com\/en\/product\/crema-intensa\/\" class=\"premium-woo-product__link\"><h3 class=\"woocommerce-loop-product__title\">RICH CREAM<\/h3><\/a>\n\t<span class=\"price\"><span class=\"woocommerce-Price-amount amount\"><bdi>85&nbsp;<span class=\"woocommerce-Price-currencySymbol\">&euro;<\/span><\/bdi><\/span><\/span>\n<\/div>\t<\/div>\n<\/li>\n\n<li class=\"post-9948 product last instock taxable shipping-taxable purchasable product-type-simple\">\n\t<div class=\"premium-woo-product-wrapper premium-con-lq__none\">\n\t\t<div class=\"premium-woo-product-thumbnail\"><a href=\"http:\/\/lornaearth.com\/en\/product\/crema-ligera\/\" class=\"woocommerce-LoopProduct-link woocommerce-loop-product__link\"><img decoding=\"async\" src=\"https:\/\/lornaearth.com\/wp-content\/uploads\/2025\/04\/PERS-Social-Media-selection-00016-682x1024.jpg\" alt=\"\"><img decoding=\"async\" width=\"682\" height=\"1024\" src=\"https:\/\/lornaearth.com\/wp-content\/uploads\/2025\/04\/PERS-Social-Media-selection-00009-682x1024.jpg\" class=\"premium-woo-product__on_hover\" alt=\"\"><\/a><\/div><div class=\"premium-woo-products-details-wrap\"><a href=\"http:\/\/lornaearth.com\/en\/product\/crema-ligera\/\" class=\"premium-woo-product__link\"><h3 class=\"woocommerce-loop-product__title\">LIGHT CREAM<\/h3><\/a>\n\t<span class=\"price\"><span class=\"woocommerce-Price-amount amount\"><bdi>80&nbsp;<span class=\"woocommerce-Price-currencySymbol\">&euro;<\/span><\/bdi><\/span><\/span>\n<\/div>\t<\/div>\n<\/li>\n<\/ul>\n<nav class=\"premium-woo-products-pagination\">\r\n\t<ul class='page-numbers'>\n\t<li><span aria-label=\"Page 1\" aria-current=\"page\" class=\"page-numbers current\" data-no-translation-aria-label=\"\">1<\/span><\/li>\n\t<li><a aria-label=\"Page 2\" class=\"page-numbers\" href=\"http:\/\/lornaearth.com\/en\/wp-json\/wp\/v2\/pages\/8584\/page\/2\/\" data-no-translation-aria-label=\"\">2<\/a><\/li>\n<\/ul>\n<\/nav>\r\n<\/div><\/div>\t\t\t\t<\/div>\n\t\t\t\t<\/div>\n\t\t\t\t<div class=\"elementor-element elementor-element-2954eba elementor-widget-divider--view-line elementor-invisible elementor-widget elementor-widget-divider\" data-id=\"2954eba\" data-element_type=\"widget\" data-settings=\"{&quot;_animation&quot;:&quot;fadeInRight&quot;,&quot;_animation_delay&quot;:600}\" data-widget_type=\"divider.default\">\n\t\t\t\t<div class=\"elementor-widget-container\">\n\t\t\t\t\t\t\t<div class=\"elementor-divider\">\n\t\t\t<span class=\"elementor-divider-separator\">\n\t\t\t\t\t\t<\/span>\n\t\t<\/div>\n\t\t\t\t\t\t<\/div>\n\t\t\t\t<\/div>\n\t\t\t\t\t<\/div>\n\t\t<\/div>\n\t\t\t\t\t<\/div>\n\t\t<\/section>\n\t\t\t\t<section class=\"elementor-section elementor-top-section elementor-element elementor-element-55c008ef elementor-section-boxed elementor-section-height-default elementor-section-height-default\" data-id=\"55c008ef\" data-element_type=\"section\">\n\t\t\t\t\t\t<div class=\"elementor-container elementor-column-gap-custom\">\n\t\t\t\t\t<div class=\"elementor-column elementor-col-100 elementor-top-column elementor-element elementor-element-5ab082c4\" data-id=\"5ab082c4\" data-element_type=\"column\">\n\t\t\t<div class=\"elementor-widget-wrap elementor-element-populated\">\n\t\t\t\t\t\t<div class=\"elementor-element elementor-element-703f8e1a elementor-invisible elementor-widget elementor-widget-heading\" data-id=\"703f8e1a\" data-element_type=\"widget\" data-settings=\"{&quot;_animation&quot;:&quot;fadeIn&quot;}\" data-widget_type=\"heading.default\">\n\t\t\t\t<div class=\"elementor-widget-container\">\n\t\t\t\t\t<h2 class=\"elementor-heading-title elementor-size-default\">Cosm\u00e9tica vegana y sostenible para un autocuidado consciente\n<\/h3>\t\t\t\t<\/div>\n\t\t\t\t<\/div>\n\t\t\t\t<div class=\"elementor-element elementor-element-339914ab shop-page-description elementor-widget elementor-widget-text-editor\" data-id=\"339914ab\" data-element_type=\"widget\" data-widget_type=\"text-editor.default\">\n\t\t\t\t<div class=\"elementor-widget-container\">\n\t\t\t\t\t\t\t\t\t<p data-start=\"236\" data-end=\"668\">- <strong data-start=\"239\" data-end=\"269\">autocuidado en Lorna Earth<\/strong> es un acto de amor en todas sus formas: hacia ti, hacia los animales y hacia la Tierra que nos sostiene. Cuidarte no es un gesto superficial, sino una manera de reconectar con lo esencial, de honrar tu cuerpo y el entorno del que formamos parte. Nuestra l\u00ednea de <strong data-start=\"533\" data-end=\"566\">cosm\u00e9tica vegana y sostenible<\/strong> nace de esa filosof\u00eda: f\u00f3rmulas limpias, ingredientes naturales y procesos respetuosos con la vida.<\/p><p data-start=\"670\" data-end=\"1023\">Cada crema, b\u00e1lsamo o protector solar est\u00e1 creado para <strong data-start=\"725\" data-end=\"779\">nutrir la piel y cuidar el planeta al mismo tiempo<\/strong>. Los ingredientes provienen de fuentes vegetales cuidadosamente seleccionadas, libres de qu\u00edmicos agresivos y sin pruebas en animales. Su textura, su aroma y su eficacia son un reflejo del equilibrio entre ciencia natural y \u00e9tica consciente.<\/p>\t\t\t\t\t\t\t\t<\/div>\n\t\t\t\t<\/div>\n\t\t\t\t<div class=\"elementor-element elementor-element-61259976 elementor-invisible elementor-widget elementor-widget-heading\" data-id=\"61259976\" data-element_type=\"widget\" data-settings=\"{&quot;_animation&quot;:&quot;fadeIn&quot;}\" data-widget_type=\"heading.default\">\n\t\t\t\t<div class=\"elementor-widget-container\">\n\t\t\t\t\t<h3 class=\"elementor-heading-title elementor-size-default\">Ritual de belleza \u00e9tica: cuida tu piel, cuida el planeta<\/h3>\t\t\t\t<\/div>\n\t\t\t\t<\/div>\n\t\t\t\t<div class=\"elementor-element elementor-element-1ff763c0 shop-page-description elementor-widget elementor-widget-text-editor\" data-id=\"1ff763c0\" data-element_type=\"widget\" data-widget_type=\"text-editor.default\">\n\t\t\t\t<div class=\"elementor-widget-container\">\n\t\t\t\t\t\t\t\t\t<p data-start=\"1025\" data-end=\"1313\">No se trata solo de cuidarse, sino de hacerlo con intenci\u00f3n. De elegir productos que regeneran sin da\u00f1ar, que hidratan sin dejar huella, que embellecen desde la coherencia. En <strong data-start=\"1201\" data-end=\"1216\">Lorna Earth<\/strong>, creemos que el bienestar aut\u00e9ntico surge cuando cada decisi\u00f3n es tambi\u00e9n un gesto de respeto.<\/p><p data-start=\"1315\" data-end=\"1544\">Transforma tu rutina diaria en un <strong data-start=\"1349\" data-end=\"1377\">ritual sensorial y \u00e9tico<\/strong>, donde la belleza se funde con la conciencia. Porque el bienestar m\u00e1s profundo no se mide en apariencia, sino en armon\u00eda: contigo, con los animales y con la Tierra.<\/p>\t\t\t\t\t\t\t\t<\/div>\n\t\t\t\t<\/div>\n\t\t\t\t\t<\/div>\n\t\t<\/div>\n\t\t\t\t\t<\/div>\n\t\t<\/section>\n\t\t\t\t<\/div>","protected":false},"excerpt":{"rendered":"<p>Autocuidado M\u00edmate de dentro hacia fuera, del alma al cuerpo. CREMA CONTORNO DE OJOS 48&nbsp;&euro; CREMA INTENSA 85&nbsp;&euro; CREMA LIGERA 80&nbsp;&euro; B\u00c1LSAMO BRILLO 29&nbsp;&euro; PROTECCI\u00d3N SOLAR SPF 50+ 44&nbsp;&euro; TARJETA REGALO 100&nbsp;&euro; &#8211; 200&nbsp;&euro;Rango de precios: desde 100&nbsp;&euro; hasta 200&nbsp;&euro; \u00a1Oferta! ENA NECESER REVERSIBLE 29&nbsp;&euro; El precio original era: 29&nbsp;&euro;.20&nbsp;&euro;El precio actual es: 20&nbsp;&euro;. \u00a1Oferta!<a class=\"more-link\" href=\"http:\/\/lornaearth.com\/en\/product\/crema-ligera\/\">Read more  &#10230;<\/a><\/p>","protected":false},"author":1,"featured_media":0,"parent":0,"menu_order":0,"comment_status":"closed","ping_status":"closed","template":"","meta":{"om_disable_all_campaigns":false,"_monsterinsights_skip_tracking":false,"_monsterinsights_sitenote_active":false,"_monsterinsights_sitenote_note":"","_monsterinsights_sitenote_category":0,"_uf_show_specific_survey":0,"_uf_disable_surveys":false,"footnotes":""},"class_list":["post-8584","page","type-page","status-publish","hentry"],"_links":{"self":[{"href":"http:\/\/lornaearth.com\/en\/wp-json\/wp\/v2\/pages\/8584","targetHints":{"allow":["GET"]}}],"collection":[{"href":"http:\/\/lornaearth.com\/en\/wp-json\/wp\/v2\/pages"}],"about":[{"href":"http:\/\/lornaearth.com\/en\/wp-json\/wp\/v2\/types\/page"}],"author":[{"embeddable":true,"href":"http:\/\/lornaearth.com\/en\/wp-json\/wp\/v2\/users\/1"}],"replies":[{"embeddable":true,"href":"http:\/\/lornaearth.com\/en\/wp-json\/wp\/v2\/comments?post=8584"}],"version-history":[{"count":47,"href":"http:\/\/lornaearth.com\/en\/wp-json\/wp\/v2\/pages\/8584\/revisions"}],"predecessor-version":[{"id":10857,"href":"http:\/\/lornaearth.com\/en\/wp-json\/wp\/v2\/pages\/8584\/revisions\/10857"}],"wp:attachment":[{"href":"http:\/\/lornaearth.com\/en\/wp-json\/wp\/v2\/media?parent=8584"}],"curies":[{"name":"wp","href":"https:\/\/api.w.org\/{rel}","templated":true}]}}