{"id":8352,"date":"2023-06-26T14:07:43","date_gmt":"2023-06-26T14:07:43","guid":{"rendered":"https:\/\/lornaearth.com\/?page_id=8352"},"modified":"2023-07-20T17:17:31","modified_gmt":"2023-07-20T17:17:31","slug":"avisolegal","status":"publish","type":"page","link":"http:\/\/lornaearth.com\/en\/avisolegal\/","title":{"rendered":"AvisoLegal"},"content":{"rendered":"<div data-elementor-type=\"wp-page\" data-elementor-id=\"8352\" class=\"elementor elementor-8352\">\n\t\t\t\t\t\t<section class=\"elementor-section elementor-top-section elementor-element elementor-element-2621c50 elementor-section-full_width elementor-section-stretched elementor-section-height-default elementor-section-height-default\" data-id=\"2621c50\" data-element_type=\"section\" data-settings=\"{&quot;stretch_section&quot;:&quot;section-stretched&quot;}\">\n\t\t\t\t\t\t<div class=\"elementor-container elementor-column-gap-default\">\n\t\t\t\t\t<div class=\"elementor-column elementor-col-100 elementor-top-column elementor-element elementor-element-e75b18d\" data-id=\"e75b18d\" data-element_type=\"column\">\n\t\t\t<div class=\"elementor-widget-wrap elementor-element-populated\">\n\t\t\t\t\t\t<div class=\"elementor-element elementor-element-aa0dba1 elementor-widget elementor-widget-heading\" data-id=\"aa0dba1\" data-element_type=\"widget\" data-widget_type=\"heading.default\">\n\t\t\t\t<div class=\"elementor-widget-container\">\n\t\t\t\t\t<h2 class=\"elementor-heading-title elementor-size-default\">Legal Notice<\/h3>\t\t\t\t<\/div>\n\t\t\t\t<\/div>\n\t\t\t\t<div class=\"elementor-element elementor-element-8060708 elementor-widget-divider--view-line elementor-widget elementor-widget-divider\" data-id=\"8060708\" data-element_type=\"widget\" data-widget_type=\"divider.default\">\n\t\t\t\t<div class=\"elementor-widget-container\">\n\t\t\t\t\t\t\t<div class=\"elementor-divider\">\n\t\t\t<span class=\"elementor-divider-separator\">\n\t\t\t\t\t\t<\/span>\n\t\t<\/div>\n\t\t\t\t\t\t<\/div>\n\t\t\t\t<\/div>\n\t\t\t\t\t<\/div>\n\t\t<\/div>\n\t\t\t\t\t<\/div>\n\t\t<\/section>\n\t\t\t\t<section class=\"elementor-section elementor-top-section elementor-element elementor-element-84e23a7 elementor-section-full_width elementor-section-stretched elementor-section-height-default elementor-section-height-default\" data-id=\"84e23a7\" data-element_type=\"section\" data-settings=\"{&quot;stretch_section&quot;:&quot;section-stretched&quot;}\">\n\t\t\t\t\t\t<div class=\"elementor-container elementor-column-gap-default\">\n\t\t\t\t\t<div class=\"elementor-column elementor-col-100 elementor-top-column elementor-element elementor-element-fa4f07b\" data-id=\"fa4f07b\" data-element_type=\"column\">\n\t\t\t<div class=\"elementor-widget-wrap elementor-element-populated\">\n\t\t\t\t\t\t<div class=\"elementor-element elementor-element-8992a0c elementor-widget elementor-widget-heading\" data-id=\"8992a0c\" data-element_type=\"widget\" data-widget_type=\"heading.default\">\n\t\t\t\t<div class=\"elementor-widget-container\">\n\t\t\t\t\t<h3 class=\"elementor-heading-title elementor-size-default\">1. PURPOSE<\/h3>\t\t\t\t<\/div>\n\t\t\t\t<\/div>\n\t\t\t\t<div class=\"elementor-element elementor-element-02b8c3c elementor-widget elementor-widget-text-editor\" data-id=\"02b8c3c\" data-element_type=\"widget\" data-widget_type=\"text-editor.default\">\n\t\t\t\t<div class=\"elementor-widget-container\">\n\t\t\t\t\t\t\t\t\t<p><span class=\"fontstyle0\">The present legal notice regulates the use and utilization of the website www.lorna.earth, owned by Carmen Esteban (hereinafter, THE WEBSITE OWNER). By browsing the website of THE WEBSITE OWNER, you acquire the status of USER, and it implies your full and unconditional acceptance of each and every condition published in this legal notice. Please note that these conditions may be modified without prior notice by THE WEBSITE OWNER, in which case they will be published and notified as far in advance as possible.<br \/>For this reason, it is advisable to carefully read its content if you wish to access and use the information and services offered on this website. The user also undertakes to make proper use of the website in accordance with the laws, good faith, public order, traffic customs, and this Legal Notice. The user will be liable to THE WEBSITE OWNER or third parties for any damages that may arise as a result of the breach of this obligation. Any use other than the authorized one is expressly prohibited, and THE WEBSITE OWNER may deny or withdraw access and use at any time.<\/span><\/p>\t\t\t\t\t\t\t\t<\/div>\n\t\t\t\t<\/div>\n\t\t\t\t<div class=\"elementor-element elementor-element-6871fd1 elementor-widget elementor-widget-heading\" data-id=\"6871fd1\" data-element_type=\"widget\" data-widget_type=\"heading.default\">\n\t\t\t\t<div class=\"elementor-widget-container\">\n\t\t\t\t\t<h3 class=\"elementor-heading-title elementor-size-default\">2. IDENTIFICATION<\/h3>\t\t\t\t<\/div>\n\t\t\t\t<\/div>\n\t\t\t\t<div class=\"elementor-element elementor-element-ffb4076 elementor-widget elementor-widget-text-editor\" data-id=\"ffb4076\" data-element_type=\"widget\" data-widget_type=\"text-editor.default\">\n\t\t\t\t<div class=\"elementor-widget-container\">\n\t\t\t\t\t\t\t\t\t<p><span class=\"fontstyle0\">THE WEBSITE OWNER, in compliance with Law 34\/2002, of July 11, on Information Society Services and Electronic Commerce, informs you that:<br \/><\/span><span class=\"fontstyle2\">\u2022 <\/span><span class=\"fontstyle0\">Its corporate name is: Lorna Earth<br \/><\/span><span class=\"fontstyle2\">\u2022 <\/span><span class=\"fontstyle0\">Its Tax Identification Number (CIF) is: 30242677T<br \/><\/span><span class=\"fontstyle2\">\u2022 <\/span><span class=\"fontstyle0\">Its registered office is located at: C\/ Luis Montoto, 83, 1\u00baE \u2013 41018 \u2013 SEVILLE<\/span><\/p>\t\t\t\t\t\t\t\t<\/div>\n\t\t\t\t<\/div>\n\t\t\t\t<div class=\"elementor-element elementor-element-4455819 elementor-widget elementor-widget-heading\" data-id=\"4455819\" data-element_type=\"widget\" data-widget_type=\"heading.default\">\n\t\t\t\t<div class=\"elementor-widget-container\">\n\t\t\t\t\t<h3 class=\"elementor-heading-title elementor-size-default\">3. COMMUNICATIONS<\/h3>\t\t\t\t<\/div>\n\t\t\t\t<\/div>\n\t\t\t\t<div class=\"elementor-element elementor-element-d273074 elementor-widget elementor-widget-text-editor\" data-id=\"d273074\" data-element_type=\"widget\" data-widget_type=\"text-editor.default\">\n\t\t\t\t<div class=\"elementor-widget-container\">\n\t\t\t\t\t\t\t\t\t<p><span class=\"fontstyle0\">To get in touch with us, we provide various contact methods which are detailed below:<\/span><\/p><p><span class=\"fontstyle2\">\u2022 <\/span><span class=\"fontstyle0\">Email: info@lorna.earth<\/span><\/p><p><span class=\"fontstyle0\">All notifications and communications between users and THE WEBSITE OWNER shall be considered effective, for all purposes, when made through any of the aforementioned contact methods.<\/span><\/p>\t\t\t\t\t\t\t\t<\/div>\n\t\t\t\t<\/div>\n\t\t\t\t<div class=\"elementor-element elementor-element-92c0f40 elementor-widget elementor-widget-heading\" data-id=\"92c0f40\" data-element_type=\"widget\" data-widget_type=\"heading.default\">\n\t\t\t\t<div class=\"elementor-widget-container\">\n\t\t\t\t\t<h3 class=\"elementor-heading-title elementor-size-default\">4. CONDITIONS OF ACCESS AND USE<\/h3>\t\t\t\t<\/div>\n\t\t\t\t<\/div>\n\t\t\t\t<div class=\"elementor-element elementor-element-727b493 elementor-widget elementor-widget-text-editor\" data-id=\"727b493\" data-element_type=\"widget\" data-widget_type=\"text-editor.default\">\n\t\t\t\t<div class=\"elementor-widget-container\">\n\t\t\t\t\t\t\t\t\t<p>The website and its services are freely and freely accessible. However, THE WEBSITE OWNER may condition the use of some of the services offered on its website to the prior completion of the corresponding form. The user guarantees the authenticity and timeliness of all data communicated to THE WEBSITE OWNER and will be solely responsible for any false or inaccurate statements made.<br \/>The user expressly agrees to make proper use of the contents and services of THE WEBSITE OWNER and not to use them for, among other things:<br \/>a) Disseminating criminal, violent, pornographic, racist, xenophobic, offensive, terrorist propaganda, or any content that is contrary to the law or<br \/>public order.<\/p><p>b) Introducing computer viruses into the network or engaging in actions that may alter, damage, interrupt, or cause errors or damage to electronic documents,<br \/>data, or physical and logical systems of THE WEBSITE OWNER or third parties. Additionally, obstructing access of other users<br \/>to the website and its services through the massive consumption of computer resources by which THE WEBSITE OWNER provides its services.<\/p><p><span style=\"font-size: var(--proteo-base_font_size, 16);\">c) Attempting to access the email accounts of other users or restricted areas of the computer systems of THE WEBSITE OWNER or\u00a0<\/span><span style=\"font-size: var(--proteo-base_font_size, 16);\">third parties, and, where applicable, extracting information.<\/span><\/p><p><span style=\"font-size: var(--proteo-base_font_size, 16);\">d) Infringing on intellectual or industrial property rights, as well as violating the confidentiality of information belonging to THE WEBSITE OWNER or\u00a0<\/span><span style=\"font-size: var(--proteo-base_font_size, 16);\">third parties.<\/span><\/p><p style=\"outline-color: var(--proteo-main_color_shade, #448a85);\"><span style=\"outline-color: var(--proteo-main_color_shade, #448a85);\">e) Impersonating the identity of any other user.<\/span><\/p><p style=\"outline-color: var(--proteo-main_color_shade, #448a85);\"><span style=\"outline-color: var(--proteo-main_color_shade, #448a85);\">f) Reproducing, copying, distributing, making available to the public, transforming, or modifying the contents, unless you have the authorization of the holder of the corresponding rights or it is legally permitted.<\/span><\/p><p style=\"outline-color: var(--proteo-main_color_shade, #448a85);\"><span style=\"outline-color: var(--proteo-main_color_shade, #448a85);\">g) Collecting data for advertising purposes and sending any kind of advertising and communications for sales or other commercial purposes without<br style=\"outline-color: var(--proteo-main_color_shade, #448a85);\" \/>prior request or consent.<\/span><\/p><p style=\"outline-color: var(--proteo-main_color_shade, #448a85);\"><span style=\"outline-color: var(--proteo-main_color_shade, #448a85);\">All the contents of the website, such as texts, photographs, graphics, images, icons, technology, software, as well as its graphic design and source codes, constitute a work owned by THE WEBSITE OWNER, and no rights of exploitation over them are understood to be transferred to the user beyond what is strictly necessary for the correct use of the website.<br style=\"outline-color: var(--proteo-main_color_shade, #448a85);\" \/>In conclusion, users who access this website may view the contents and, if applicable, make authorized private copies, as long as the reproduced elements are not subsequently transferred to third parties, nor installed on servers connected to networks, nor subjected to any type of exploitation.<br style=\"outline-color: var(--proteo-main_color_shade, #448a85);\" \/>Likewise, all trademarks, trade names, or distinctive signs of any kind appearing on the website are the property of THE WEBSITE OWNER, and it should not be understood that the use or access to the website grants the user any rights over them.<\/span><\/p><p>\u00a0<\/p><p style=\"outline-color: var(--proteo-main_color_shade, #448a85);\"><span style=\"outline-color: var(--proteo-main_color_shade, #448a85);\">The distribution, modification, transfer, or public communication of the contents and any other act that has not been expressly authorized by the holder of the exploitation rights is prohibited.<br style=\"outline-color: var(--proteo-main_color_shade, #448a85);\" \/>The establishment of a hyperlink does not imply, in any case, the existence of a relationship between THE WEBSITE OWNER and the owner of the website to which the hyperlink leads, nor does it imply the acceptance and approval by THE WEBSITE OWNER of its contents or services.<br style=\"outline-color: var(--proteo-main_color_shade, #448a85);\" \/>PROPIETARIO DE LA WEB no se responsabiliza del uso que cada usuario les d\u00e9 a los\u00a0materiales puestos a disposici\u00f3n en este sitio web ni de las actuaciones que realice en\u00a0base a los mismos.\u00a0<\/span><\/p>\t\t\t\t\t\t\t\t<\/div>\n\t\t\t\t<\/div>\n\t\t\t\t<div class=\"elementor-element elementor-element-4b15933 elementor-widget elementor-widget-heading\" data-id=\"4b15933\" data-element_type=\"widget\" data-widget_type=\"heading.default\">\n\t\t\t\t<div class=\"elementor-widget-container\">\n\t\t\t\t\t<h4 class=\"elementor-heading-title elementor-size-default\">4.1 EXCLUSION OF WARRANTIES AND LIABILITY IN ACCESS AND USE<\/h4>\t\t\t\t<\/div>\n\t\t\t\t<\/div>\n\t\t\t\t<div class=\"elementor-element elementor-element-57c4afd elementor-widget elementor-widget-text-editor\" data-id=\"57c4afd\" data-element_type=\"widget\" data-widget_type=\"text-editor.default\">\n\t\t\t\t<div class=\"elementor-widget-container\">\n\t\t\t\t\t\t\t\t\t<p><span class=\"fontstyle0\">The content of this website is of a general nature and is for informational purposes only. It does not guarantee full access to all<br>contents, nor their completeness, correctness, validity, or timeliness, nor their suitability or usefulness for a specific purpose.<br>THE WEBSITE OWNER excludes, to the extent permitted by law, any liability for damages of any kind arising from:<\/span><\/p>\n<p><span class=\"fontstyle0\">a) The impossibility of accessing the website or the lack of truth, accuracy, completeness, and\/or timeliness of the contents, as well as the existence of defects<br>of any kind in the contents transmitted, disseminated, stored, made available, or accessed through the<br>website or the services offered.<\/span><\/p>\n<p><span class=\"fontstyle0\">b) The presence of viruses or other elements in the contents that may cause alterations in the computer systems, electronic documents or<br>data of the users.<\/span><\/p>\n<p><span class=\"fontstyle0\">c) Non-compliance with laws, good faith, public order, traffic customs, and this legal notice as a result of the incorrect use of the website.&nbsp;<\/span><\/p><p><span style=\"font-size: var(--proteo-base_font_size, 16);\">In particular, and by way of example, THE WEBSITE OWNER shall not be held responsible for the actions of third parties that violate intellectual and industrial property rights,&nbsp;<\/span><span style=\"font-size: var(--proteo-base_font_size, 16);\">trade secrets, rights to honor,&nbsp;<\/span><span style=\"font-size: var(--proteo-base_font_size, 16);\">personal and family privacy, and image rights, as well as regulations regarding&nbsp;<\/span><span style=\"font-size: var(--proteo-base_font_size, 16);\">unfair competition and illicit advertising.<\/span><\/p><p><span class=\"fontstyle0\">Likewise, THE WEBSITE OWNER declines any responsibility for information that is outside of this website and is not directly managed by our webmaster. The purpose of the links appearing on this website is solely to inform the user about the existence of other sources that may complement the contents offered by this website. THE WEBSITE OWNER does not guarantee or assume responsibility for the operation or accessibility of the linked sites; nor does it suggest, invite, or recommend visiting them, and therefore, it will not be responsible for the result obtained. THE WEBSITE OWNER is not responsible for the establishment of hyperlinks by third parties.&nbsp;<\/span><\/p>\t\t\t\t\t\t\t\t<\/div>\n\t\t\t\t<\/div>\n\t\t\t\t<div class=\"elementor-element elementor-element-e755733 elementor-widget elementor-widget-heading\" data-id=\"e755733\" data-element_type=\"widget\" data-widget_type=\"heading.default\">\n\t\t\t\t<div class=\"elementor-widget-container\">\n\t\t\t\t\t<h4 class=\"elementor-heading-title elementor-size-default\">4.2 PROCEDURE IN CASE OF CARRYING OUT UNLAWFUL ACTIVITIES<\/h4>\t\t\t\t<\/div>\n\t\t\t\t<\/div>\n\t\t\t\t<div class=\"elementor-element elementor-element-e2be0ee elementor-widget elementor-widget-text-editor\" data-id=\"e2be0ee\" data-element_type=\"widget\" data-widget_type=\"text-editor.default\">\n\t\t\t\t<div class=\"elementor-widget-container\">\n\t\t\t\t\t\t\t\t\t<p>In the event that any user or third party considers that there are facts or circumstances revealing the unlawful nature of the use of any content and\/or the performance of any activity on the web pages included or accessible through the website, they must send a notification to THE WEBSITE OWNER, properly identifying themselves and specifying the alleged infringements.<\/p>\t\t\t\t\t\t\t\t<\/div>\n\t\t\t\t<\/div>\n\t\t\t\t<div class=\"elementor-element elementor-element-337f6d2 elementor-widget elementor-widget-heading\" data-id=\"337f6d2\" data-element_type=\"widget\" data-widget_type=\"heading.default\">\n\t\t\t\t<div class=\"elementor-widget-container\">\n\t\t\t\t\t<h4 class=\"elementor-heading-title elementor-size-default\">4.3 PUBLICATIONS<\/h4>\t\t\t\t<\/div>\n\t\t\t\t<\/div>\n\t\t\t\t<div class=\"elementor-element elementor-element-df27425 elementor-widget elementor-widget-text-editor\" data-id=\"df27425\" data-element_type=\"widget\" data-widget_type=\"text-editor.default\">\n\t\t\t\t<div class=\"elementor-widget-container\">\n\t\t\t\t\t\t\t\t\t<p>The administrative information provided through the website does not replace the legal advertising of laws, regulations, plans, general provisions, and acts that must be formally published in the official gazettes of public administrations, which are the only instrument that certifies their authenticity and content. The information available on this website should be understood as a guide without legal validity.<\/p>\t\t\t\t\t\t\t\t<\/div>\n\t\t\t\t<\/div>\n\t\t\t\t<div class=\"elementor-element elementor-element-15db724 elementor-widget elementor-widget-heading\" data-id=\"15db724\" data-element_type=\"widget\" data-widget_type=\"heading.default\">\n\t\t\t\t<div class=\"elementor-widget-container\">\n\t\t\t\t\t<h3 class=\"elementor-heading-title elementor-size-default\">5. APPLICABLE LEGISLATION<\/h3>\t\t\t\t<\/div>\n\t\t\t\t<\/div>\n\t\t\t\t<div class=\"elementor-element elementor-element-9ee567e elementor-widget elementor-widget-text-editor\" data-id=\"9ee567e\" data-element_type=\"widget\" data-widget_type=\"text-editor.default\">\n\t\t\t\t<div class=\"elementor-widget-container\">\n\t\t\t\t\t\t\t\t\t<p>These conditions shall be governed by the current Spanish legislation. The language used shall be Spanish (Castilian).<\/p>\t\t\t\t\t\t\t\t<\/div>\n\t\t\t\t<\/div>\n\t\t\t\t<div class=\"elementor-element elementor-element-b734319 elementor-widget-divider--view-line elementor-widget elementor-widget-divider\" data-id=\"b734319\" data-element_type=\"widget\" data-widget_type=\"divider.default\">\n\t\t\t\t<div class=\"elementor-widget-container\">\n\t\t\t\t\t\t\t<div class=\"elementor-divider\">\n\t\t\t<span class=\"elementor-divider-separator\">\n\t\t\t\t\t\t<\/span>\n\t\t<\/div>\n\t\t\t\t\t\t<\/div>\n\t\t\t\t<\/div>\n\t\t\t\t\t<\/div>\n\t\t<\/div>\n\t\t\t\t\t<\/div>\n\t\t<\/section>\n\t\t\t\t<\/div>","protected":false},"excerpt":{"rendered":"<p>Aviso legal 1. OBJETO El presente aviso legal regula el uso y utilizaci\u00f3n del sitio web www.lorna.earth del que es titular Carmen Esteban (en adelante, EL PROPIETARIO DE LA WEB). La navegaci\u00f3n por el sitio web de EL PROPIETARIO DE LA WEB le atribuye la condici\u00f3n de USUARIO del mismo y conlleva su aceptaci\u00f3n plena<a class=\"more-link\" href=\"http:\/\/lornaearth.com\/en\/avisolegal\/\">Read more  &#10230;<\/a><\/p>","protected":false},"author":1,"featured_media":0,"parent":0,"menu_order":0,"comment_status":"closed","ping_status":"closed","template":"elementor_header_footer","meta":{"om_disable_all_campaigns":false,"_monsterinsights_skip_tracking":false,"_monsterinsights_sitenote_active":false,"_monsterinsights_sitenote_note":"","_monsterinsights_sitenote_category":0,"_uf_show_specific_survey":0,"_uf_disable_surveys":false,"footnotes":""},"class_list":["post-8352","page","type-page","status-publish","hentry"],"_links":{"self":[{"href":"http:\/\/lornaearth.com\/en\/wp-json\/wp\/v2\/pages\/8352","targetHints":{"allow":["GET"]}}],"collection":[{"href":"http:\/\/lornaearth.com\/en\/wp-json\/wp\/v2\/pages"}],"about":[{"href":"http:\/\/lornaearth.com\/en\/wp-json\/wp\/v2\/types\/page"}],"author":[{"embeddable":true,"href":"http:\/\/lornaearth.com\/en\/wp-json\/wp\/v2\/users\/1"}],"replies":[{"embeddable":true,"href":"http:\/\/lornaearth.com\/en\/wp-json\/wp\/v2\/comments?post=8352"}],"version-history":[{"count":19,"href":"http:\/\/lornaearth.com\/en\/wp-json\/wp\/v2\/pages\/8352\/revisions"}],"predecessor-version":[{"id":8801,"href":"http:\/\/lornaearth.com\/en\/wp-json\/wp\/v2\/pages\/8352\/revisions\/8801"}],"wp:attachment":[{"href":"http:\/\/lornaearth.com\/en\/wp-json\/wp\/v2\/media?parent=8352"}],"curies":[{"name":"wp","href":"https:\/\/api.w.org\/{rel}","templated":true}]}}