{"id":11298,"date":"2026-03-10T11:14:16","date_gmt":"2026-03-10T11:14:16","guid":{"rendered":"https:\/\/lornaearth.com\/?page_id=11298"},"modified":"2026-03-10T11:36:12","modified_gmt":"2026-03-10T11:36:12","slug":"cojines","status":"publish","type":"page","link":"http:\/\/lornaearth.com\/en\/cojines\/","title":{"rendered":"Cushion Covers"},"content":{"rendered":"<div data-elementor-type=\"wp-page\" data-elementor-id=\"11298\" class=\"elementor elementor-11298\">\n\t\t\t\t\t\t<section class=\"elementor-section elementor-top-section elementor-element elementor-element-870115e elementor-section-boxed elementor-section-height-default elementor-section-height-default\" data-id=\"870115e\" data-element_type=\"section\">\n\t\t\t\t\t\t<div class=\"elementor-container elementor-column-gap-default\">\n\t\t\t\t\t<div class=\"elementor-column elementor-col-100 elementor-top-column elementor-element elementor-element-9afb3d3\" data-id=\"9afb3d3\" data-element_type=\"column\">\n\t\t\t<div class=\"elementor-widget-wrap elementor-element-populated\">\n\t\t\t\t\t\t<div class=\"elementor-element elementor-element-7c51977 elementor-invisible elementor-widget elementor-widget-heading\" data-id=\"7c51977\" data-element_type=\"widget\" data-settings=\"{&quot;_animation&quot;:&quot;fadeIn&quot;}\" data-widget_type=\"heading.default\">\n\t\t\t\t<div class=\"elementor-widget-container\">\n\t\t\t\t\t<h1 class=\"elementor-heading-title elementor-size-default\">Cushion covers<\/h1>\t\t\t\t<\/div>\n\t\t\t\t<\/div>\n\t\t\t\t\t<\/div>\n\t\t<\/div>\n\t\t\t\t\t<\/div>\n\t\t<\/section>\n\t\t\t\t<section class=\"elementor-section elementor-top-section elementor-element elementor-element-56076cd elementor-section-full_width elementor-section-stretched elementor-hidden-desktop elementor-hidden-tablet elementor-hidden-mobile elementor-section-height-default elementor-section-height-default\" data-id=\"56076cd\" data-element_type=\"section\" data-settings=\"{&quot;stretch_section&quot;:&quot;section-stretched&quot;}\">\n\t\t\t\t\t\t<div class=\"elementor-container elementor-column-gap-default\">\n\t\t\t\t\t<div class=\"elementor-column elementor-col-100 elementor-top-column elementor-element elementor-element-70a99aa\" data-id=\"70a99aa\" data-element_type=\"column\">\n\t\t\t<div class=\"elementor-widget-wrap elementor-element-populated\">\n\t\t\t\t\t\t<div class=\"elementor-element elementor-element-8364092 shop-page-description elementor-widget elementor-widget-text-editor\" data-id=\"8364092\" data-element_type=\"widget\" data-widget_type=\"text-editor.default\">\n\t\t\t\t<div class=\"elementor-widget-container\">\n\t\t\t\t\t\t\t\t\t<p>Take care of yourself from the inside out, from the soul to the body.<\/p>\t\t\t\t\t\t\t\t<\/div>\n\t\t\t\t<\/div>\n\t\t\t\t<div class=\"elementor-element elementor-element-2ae7a2e elementor-widget-divider--view-line elementor-invisible elementor-widget elementor-widget-divider\" data-id=\"2ae7a2e\" data-element_type=\"widget\" data-settings=\"{&quot;_animation&quot;:&quot;fadeInRight&quot;,&quot;_animation_delay&quot;:600}\" data-widget_type=\"divider.default\">\n\t\t\t\t<div class=\"elementor-widget-container\">\n\t\t\t\t\t\t\t<div class=\"elementor-divider\">\n\t\t\t<span class=\"elementor-divider-separator\">\n\t\t\t\t\t\t<\/span>\n\t\t<\/div>\n\t\t\t\t\t\t<\/div>\n\t\t\t\t<\/div>\n\t\t\t\t\t<\/div>\n\t\t<\/div>\n\t\t\t\t\t<\/div>\n\t\t<\/section>\n\t\t\t\t<section class=\"elementor-section elementor-top-section elementor-element elementor-element-1a53907 elementor-section-full_width elementor-section-stretched elementor-section-height-default elementor-section-height-default\" data-id=\"1a53907\" data-element_type=\"section\" data-settings=\"{&quot;stretch_section&quot;:&quot;section-stretched&quot;}\">\n\t\t\t\t\t\t<div class=\"elementor-container elementor-column-gap-default\">\n\t\t\t\t\t<div class=\"elementor-column elementor-col-100 elementor-top-column elementor-element elementor-element-8fcbe0c\" data-id=\"8fcbe0c\" data-element_type=\"column\">\n\t\t\t<div class=\"elementor-widget-wrap elementor-element-populated\">\n\t\t\t\t\t\t<div class=\"elementor-element elementor-element-69db2e7 animated-slow premium-woo-product-align-center premium-qv-hidden-yes elementor-invisible elementor-widget elementor-widget-premium-woo-products\" data-id=\"69db2e7\" data-element_type=\"widget\" data-settings=\"{&quot;_animation&quot;:&quot;fadeIn&quot;,&quot;_animation_delay&quot;:300}\" data-widget_type=\"premium-woo-products.grid-3\">\n\t\t\t\t<div class=\"elementor-widget-container\">\n\t\t\t\t\t<div class=\"premium-woocommerce premium-woo-products-grid premium-woo-skin-grid-3 premium-woo-query-custom\" data-page-id=\"11298\" data-skin=\"grid_3\" data-quick-view=\"\"><div class=\"premium-woo-products-inner premium-woo-product__hover-swap\"><ul class=\"products columns-3\">\n\n<li class=\"post-11055 product first onbackorder taxable shipping-taxable purchasable product-type-simple\">\n\t<div class=\"premium-woo-product-wrapper premium-con-lq__none\">\n\t\t<div class=\"premium-woo-product-thumbnail\"><a href=\"http:\/\/lornaearth.com\/en\/product\/funda-cojin-naranja\/\" class=\"woocommerce-LoopProduct-link woocommerce-loop-product__link\"><img decoding=\"async\" src=\"https:\/\/lornaearth.com\/wp-content\/uploads\/2025\/12\/orange-cushion-1-768x1024.jpg\" alt=\"\"><img fetchpriority=\"high\" decoding=\"async\" width=\"768\" height=\"1024\" src=\"https:\/\/lornaearth.com\/wp-content\/uploads\/2025\/12\/orange-cushion-2-768x1024.jpg\" class=\"premium-woo-product__on_hover\" alt=\"\"><\/a><\/div><div class=\"premium-woo-products-details-wrap\"><a href=\"http:\/\/lornaearth.com\/en\/product\/funda-cojin-naranja\/\" class=\"premium-woo-product__link\"><h3 class=\"woocommerce-loop-product__title\">CUSHION COVER STRIPES ORANGE<\/h3><\/a>\n\t<span class=\"price\"><span class=\"woocommerce-Price-amount amount\"><bdi>39&nbsp;<span class=\"woocommerce-Price-currencySymbol\">&euro;<\/span><\/bdi><\/span><\/span>\n<\/div>\t<\/div>\n<\/li>\n\n<li class=\"post-11050 product  instock taxable shipping-taxable purchasable product-type-simple\">\n\t<div class=\"premium-woo-product-wrapper premium-con-lq__none\">\n\t\t<div class=\"premium-woo-product-thumbnail\"><a href=\"http:\/\/lornaearth.com\/en\/product\/funda-cojin-rayas\/\" class=\"woocommerce-LoopProduct-link woocommerce-loop-product__link\"><img decoding=\"async\" src=\"https:\/\/lornaearth.com\/wp-content\/uploads\/2025\/12\/cojin-stripes-square-2-768x1024.jpg\" alt=\"\"><img decoding=\"async\" width=\"768\" height=\"1024\" src=\"https:\/\/lornaearth.com\/wp-content\/uploads\/2025\/12\/cojin-stripes-square-1-768x1024.jpg\" class=\"premium-woo-product__on_hover\" alt=\"\"><\/a><\/div><div class=\"premium-woo-products-details-wrap\"><a href=\"http:\/\/lornaearth.com\/en\/product\/funda-cojin-rayas\/\" class=\"premium-woo-product__link\"><h3 class=\"woocommerce-loop-product__title\">CUSHION COVER STRIPES<\/h3><\/a>\n\t<span class=\"price\"><span class=\"woocommerce-Price-amount amount\"><bdi>44&nbsp;<span class=\"woocommerce-Price-currencySymbol\">&euro;<\/span><\/bdi><\/span><\/span>\n<\/div>\t<\/div>\n<\/li>\n\n<li class=\"post-10796 product last instock taxable shipping-taxable purchasable product-type-simple\">\n\t<div class=\"premium-woo-product-wrapper premium-con-lq__none\">\n\t\t<div class=\"premium-woo-product-thumbnail\"><a href=\"http:\/\/lornaearth.com\/en\/product\/funda-cojin-rombos\/\" class=\"woocommerce-LoopProduct-link woocommerce-loop-product__link\"><img decoding=\"async\" src=\"https:\/\/lornaearth.com\/wp-content\/uploads\/2025\/11\/rombo-cushion-1-768x1024.jpg\" alt=\"\"><img decoding=\"async\" width=\"768\" height=\"1024\" src=\"https:\/\/lornaearth.com\/wp-content\/uploads\/2025\/11\/rombo-cushion-2-768x1024.jpg\" class=\"premium-woo-product__on_hover\" alt=\"\"><\/a><\/div><div class=\"premium-woo-products-details-wrap\"><a href=\"http:\/\/lornaearth.com\/en\/product\/funda-cojin-rombos\/\" class=\"premium-woo-product__link\"><h3 class=\"woocommerce-loop-product__title\">CUSHION COVER DIAMOND-PATTERN<\/h3><\/a>\n\t<span class=\"price\"><span class=\"woocommerce-Price-amount amount\"><bdi>39&nbsp;<span class=\"woocommerce-Price-currencySymbol\">&euro;<\/span><\/bdi><\/span><\/span>\n<\/div>\t<\/div>\n<\/li>\n\n<li class=\"post-10790 product first instock taxable shipping-taxable purchasable product-type-simple\">\n\t<div class=\"premium-woo-product-wrapper premium-con-lq__none\">\n\t\t<div class=\"premium-woo-product-thumbnail\"><a href=\"http:\/\/lornaearth.com\/en\/product\/funda-cojin-haven\/\" class=\"woocommerce-LoopProduct-link woocommerce-loop-product__link\"><img decoding=\"async\" src=\"https:\/\/lornaearth.com\/wp-content\/uploads\/2025\/11\/haven-cushion-768x1024.jpg\" alt=\"\"><img loading=\"lazy\" decoding=\"async\" width=\"768\" height=\"1024\" src=\"https:\/\/lornaearth.com\/wp-content\/uploads\/2025\/11\/haven-cushion-3-768x1024.jpg\" class=\"premium-woo-product__on_hover\" alt=\"\"><\/a><\/div><div class=\"premium-woo-products-details-wrap\"><a href=\"http:\/\/lornaearth.com\/en\/product\/funda-cojin-haven\/\" class=\"premium-woo-product__link\"><h3 class=\"woocommerce-loop-product__title\">HAVEN BROWN CUSHION COVER<\/h3><\/a>\n\t<span class=\"price\"><span class=\"woocommerce-Price-amount amount\"><bdi>44&nbsp;<span class=\"woocommerce-Price-currencySymbol\">&euro;<\/span><\/bdi><\/span><\/span>\n<\/div>\t<\/div>\n<\/li>\n\n<li class=\"post-10785 product  instock taxable shipping-taxable purchasable product-type-simple\">\n\t<div class=\"premium-woo-product-wrapper premium-con-lq__none\">\n\t\t<div class=\"premium-woo-product-thumbnail\"><a href=\"http:\/\/lornaearth.com\/en\/product\/funda-cojin-oyster\/\" class=\"woocommerce-LoopProduct-link woocommerce-loop-product__link\"><img decoding=\"async\" src=\"https:\/\/lornaearth.com\/wp-content\/uploads\/2025\/11\/oyster-cushion-768x1024.jpg\" alt=\"\"><img loading=\"lazy\" decoding=\"async\" width=\"768\" height=\"1024\" src=\"https:\/\/lornaearth.com\/wp-content\/uploads\/2025\/11\/oyster-cushion-22-768x1024.jpg\" class=\"premium-woo-product__on_hover\" alt=\"\"><\/a><\/div><div class=\"premium-woo-products-details-wrap\"><a href=\"http:\/\/lornaearth.com\/en\/product\/funda-cojin-oyster\/\" class=\"premium-woo-product__link\"><h3 class=\"woocommerce-loop-product__title\">CUSHION COVER STRIPES OYSTER<\/h3><\/a>\n\t<span class=\"price\"><span class=\"woocommerce-Price-amount amount\"><bdi>39&nbsp;<span class=\"woocommerce-Price-currencySymbol\">&euro;<\/span><\/bdi><\/span><\/span>\n<\/div>\t<\/div>\n<\/li>\n<\/ul>\n<\/div><\/div>\t\t\t\t<\/div>\n\t\t\t\t<\/div>\n\t\t\t\t<div class=\"elementor-element elementor-element-2954eba elementor-widget-divider--view-line elementor-invisible elementor-widget elementor-widget-divider\" data-id=\"2954eba\" data-element_type=\"widget\" data-settings=\"{&quot;_animation&quot;:&quot;fadeInRight&quot;,&quot;_animation_delay&quot;:600}\" data-widget_type=\"divider.default\">\n\t\t\t\t<div class=\"elementor-widget-container\">\n\t\t\t\t\t\t\t<div class=\"elementor-divider\">\n\t\t\t<span class=\"elementor-divider-separator\">\n\t\t\t\t\t\t<\/span>\n\t\t<\/div>\n\t\t\t\t\t\t<\/div>\n\t\t\t\t<\/div>\n\t\t\t\t\t<\/div>\n\t\t<\/div>\n\t\t\t\t\t<\/div>\n\t\t<\/section>\n\t\t\t\t<section class=\"elementor-section elementor-top-section elementor-element elementor-element-55c008ef elementor-hidden-desktop elementor-hidden-tablet elementor-hidden-mobile elementor-section-boxed elementor-section-height-default elementor-section-height-default\" data-id=\"55c008ef\" data-element_type=\"section\">\n\t\t\t\t\t\t<div class=\"elementor-container elementor-column-gap-custom\">\n\t\t\t\t\t<div class=\"elementor-column elementor-col-100 elementor-top-column elementor-element elementor-element-5ab082c4\" data-id=\"5ab082c4\" data-element_type=\"column\">\n\t\t\t<div class=\"elementor-widget-wrap elementor-element-populated\">\n\t\t\t\t\t\t<div class=\"elementor-element elementor-element-703f8e1a elementor-invisible elementor-widget elementor-widget-heading\" data-id=\"703f8e1a\" data-element_type=\"widget\" data-settings=\"{&quot;_animation&quot;:&quot;fadeIn&quot;}\" data-widget_type=\"heading.default\">\n\t\t\t\t<div class=\"elementor-widget-container\">\n\t\t\t\t\t<h2 class=\"elementor-heading-title elementor-size-default\">Cosm\u00e9tica vegana y sostenible para un autocuidado consciente\n<\/h3>\t\t\t\t<\/div>\n\t\t\t\t<\/div>\n\t\t\t\t<div class=\"elementor-element elementor-element-339914ab shop-page-description elementor-widget elementor-widget-text-editor\" data-id=\"339914ab\" data-element_type=\"widget\" data-widget_type=\"text-editor.default\">\n\t\t\t\t<div class=\"elementor-widget-container\">\n\t\t\t\t\t\t\t\t\t<p data-start=\"236\" data-end=\"668\">- <strong data-start=\"239\" data-end=\"269\">autocuidado en Lorna Earth<\/strong> es un acto de amor en todas sus formas: hacia ti, hacia los animales y hacia la Tierra que nos sostiene. Cuidarte no es un gesto superficial, sino una manera de reconectar con lo esencial, de honrar tu cuerpo y el entorno del que formamos parte. Nuestra l\u00ednea de <strong data-start=\"533\" data-end=\"566\">cosm\u00e9tica vegana y sostenible<\/strong> nace de esa filosof\u00eda: f\u00f3rmulas limpias, ingredientes naturales y procesos respetuosos con la vida.<\/p><p data-start=\"670\" data-end=\"1023\">Cada crema, b\u00e1lsamo o protector solar est\u00e1 creado para <strong data-start=\"725\" data-end=\"779\">nutrir la piel y cuidar el planeta al mismo tiempo<\/strong>. Los ingredientes provienen de fuentes vegetales cuidadosamente seleccionadas, libres de qu\u00edmicos agresivos y sin pruebas en animales. Su textura, su aroma y su eficacia son un reflejo del equilibrio entre ciencia natural y \u00e9tica consciente.<\/p>\t\t\t\t\t\t\t\t<\/div>\n\t\t\t\t<\/div>\n\t\t\t\t<div class=\"elementor-element elementor-element-61259976 elementor-invisible elementor-widget elementor-widget-heading\" data-id=\"61259976\" data-element_type=\"widget\" data-settings=\"{&quot;_animation&quot;:&quot;fadeIn&quot;}\" data-widget_type=\"heading.default\">\n\t\t\t\t<div class=\"elementor-widget-container\">\n\t\t\t\t\t<h3 class=\"elementor-heading-title elementor-size-default\">Ritual de belleza \u00e9tica: cuida tu piel, cuida el planeta<\/h3>\t\t\t\t<\/div>\n\t\t\t\t<\/div>\n\t\t\t\t<div class=\"elementor-element elementor-element-1ff763c0 shop-page-description elementor-widget elementor-widget-text-editor\" data-id=\"1ff763c0\" data-element_type=\"widget\" data-widget_type=\"text-editor.default\">\n\t\t\t\t<div class=\"elementor-widget-container\">\n\t\t\t\t\t\t\t\t\t<p data-start=\"1025\" data-end=\"1313\">No se trata solo de cuidarse, sino de hacerlo con intenci\u00f3n. De elegir productos que regeneran sin da\u00f1ar, que hidratan sin dejar huella, que embellecen desde la coherencia. En <strong data-start=\"1201\" data-end=\"1216\">Lorna Earth<\/strong>, creemos que el bienestar aut\u00e9ntico surge cuando cada decisi\u00f3n es tambi\u00e9n un gesto de respeto.<\/p><p data-start=\"1315\" data-end=\"1544\">Transforma tu rutina diaria en un <strong data-start=\"1349\" data-end=\"1377\">ritual sensorial y \u00e9tico<\/strong>, donde la belleza se funde con la conciencia. Porque el bienestar m\u00e1s profundo no se mide en apariencia, sino en armon\u00eda: contigo, con los animales y con la Tierra.<\/p>\t\t\t\t\t\t\t\t<\/div>\n\t\t\t\t<\/div>\n\t\t\t\t\t<\/div>\n\t\t<\/div>\n\t\t\t\t\t<\/div>\n\t\t<\/section>\n\t\t\t\t<\/div>","protected":false},"excerpt":{"rendered":"<p>Fundas de cojines M\u00edmate de dentro hacia fuera, del alma al cuerpo. FUNDA COJ\u00cdN RAYAS NARANJA 39&nbsp;&euro; FUNDA COJ\u00cdN RAYAS 44&nbsp;&euro; FUNDA COJ\u00cdN ROMBOS 39&nbsp;&euro; FUNDA COJ\u00cdN MARR\u00d3N HAVEN 44&nbsp;&euro; FUNDA COJ\u00cdN RAYAS OSTRA 39&nbsp;&euro; Cosm\u00e9tica vegana y sostenible para un autocuidado consciente El autocuidado en Lorna Earth es un acto de amor en todas<a class=\"more-link\" href=\"http:\/\/lornaearth.com\/en\/product\/funda-cojin-oyster\/\">Read more  &#10230;<\/a><\/p>","protected":false},"author":1,"featured_media":0,"parent":0,"menu_order":0,"comment_status":"closed","ping_status":"closed","template":"","meta":{"om_disable_all_campaigns":false,"_monsterinsights_skip_tracking":false,"_monsterinsights_sitenote_active":false,"_monsterinsights_sitenote_note":"","_monsterinsights_sitenote_category":0,"_uf_show_specific_survey":0,"_uf_disable_surveys":false,"footnotes":""},"class_list":["post-11298","page","type-page","status-publish","hentry"],"_links":{"self":[{"href":"http:\/\/lornaearth.com\/en\/wp-json\/wp\/v2\/pages\/11298","targetHints":{"allow":["GET"]}}],"collection":[{"href":"http:\/\/lornaearth.com\/en\/wp-json\/wp\/v2\/pages"}],"about":[{"href":"http:\/\/lornaearth.com\/en\/wp-json\/wp\/v2\/types\/page"}],"author":[{"embeddable":true,"href":"http:\/\/lornaearth.com\/en\/wp-json\/wp\/v2\/users\/1"}],"replies":[{"embeddable":true,"href":"http:\/\/lornaearth.com\/en\/wp-json\/wp\/v2\/comments?post=11298"}],"version-history":[{"count":7,"href":"http:\/\/lornaearth.com\/en\/wp-json\/wp\/v2\/pages\/11298\/revisions"}],"predecessor-version":[{"id":11313,"href":"http:\/\/lornaearth.com\/en\/wp-json\/wp\/v2\/pages\/11298\/revisions\/11313"}],"wp:attachment":[{"href":"http:\/\/lornaearth.com\/en\/wp-json\/wp\/v2\/media?parent=11298"}],"curies":[{"name":"wp","href":"https:\/\/api.w.org\/{rel}","templated":true}]}}